{"id":406,"date":"2024-02-18T07:45:30","date_gmt":"2024-02-18T07:45:30","guid":{"rendered":"https:\/\/www.timeattack.se\/?page_id=406"},"modified":"2024-03-20T11:21:39","modified_gmt":"2024-03-20T11:21:39","slug":"kontakta-oss","status":"publish","type":"page","link":"https:\/\/www.timeattack.se\/fi\/kontakta-oss\/","title":{"rendered":"Kontakta oss"},"content":{"rendered":"<div data-elementor-type=\"wp-page\" data-elementor-id=\"406\" class=\"elementor elementor-406\">\n\t\t\t\t<div class=\"elementor-element elementor-element-4a77c63 e-flex e-con-boxed e-con e-parent\" data-id=\"4a77c63\" data-element_type=\"container\" data-e-type=\"container\" data-settings=\"{&quot;background_background&quot;:&quot;classic&quot;,&quot;jet_parallax_layout_list&quot;:[]}\">\n\t\t\t\t\t<div class=\"e-con-inner\">\n\t\t<div class=\"elementor-element elementor-element-1ba8ff7 e-flex e-con-boxed e-con e-child\" data-id=\"1ba8ff7\" data-element_type=\"container\" data-e-type=\"container\" data-settings=\"{&quot;jet_parallax_layout_list&quot;:[]}\">\n\t\t\t\t\t<div class=\"e-con-inner\">\n\t\t\t\t<div class=\"elementor-element elementor-element-a8cf51f elementor-widget elementor-widget-text-editor\" data-id=\"a8cf51f\" data-element_type=\"widget\" data-e-type=\"widget\" data-widget_type=\"text-editor.default\">\n\t\t\t\t<div class=\"elementor-widget-container\">\n\t\t\t\t\t\t\t\t\t<h1 style=\"margin: 0; padding: 0; font-weight: 600;\"><span style=\"color: #ffffff;\">Kontakta oss<\/span><\/h1>\t\t\t\t\t\t\t\t<\/div>\n\t\t\t\t<\/div>\n\t\t\t\t<div class=\"elementor-element elementor-element-1d60ed5 elementor-widget elementor-widget-jet-breadcrumbs\" data-id=\"1d60ed5\" data-element_type=\"widget\" data-e-type=\"widget\" data-widget_type=\"jet-breadcrumbs.default\">\n\t\t\t\t<div class=\"elementor-widget-container\">\n\t\t\t\t\t<div class=\"elementor-jet-breadcrumbs jet-blocks\">\n\t\t<div class=\"jet-breadcrumbs\">\n\t\t<div class=\"jet-breadcrumbs__content\">\n\t\t<div class=\"jet-breadcrumbs__wrap\"><div class=\"jet-breadcrumbs__item\"><a href=\"https:\/\/www.timeattack.se\/fi\/\" class=\"jet-breadcrumbs__item-link is-home\" rel=\"home\" title=\"Aloitussivu\">Aloitussivu<\/a><\/div>\n\t\t<\/div>\n\t\t<\/div>\n\t\t<\/div><\/div>\t\t\t\t<\/div>\n\t\t\t\t<\/div>\n\t\t\t\t\t<\/div>\n\t\t\t\t<\/div>\n\t\t\t\t\t<\/div>\n\t\t\t\t<\/div>\n\t\t<div class=\"elementor-element elementor-element-6161b5d e-flex e-con-boxed e-con e-parent\" data-id=\"6161b5d\" data-element_type=\"container\" data-e-type=\"container\" data-settings=\"{&quot;background_background&quot;:&quot;classic&quot;,&quot;jet_parallax_layout_list&quot;:[]}\">\n\t\t\t\t\t<div class=\"e-con-inner\">\n\t\t<div class=\"elementor-element elementor-element-5f11907 e-con-full e-flex e-con e-child\" data-id=\"5f11907\" data-element_type=\"container\" data-e-type=\"container\" data-settings=\"{&quot;background_background&quot;:&quot;classic&quot;,&quot;jet_parallax_layout_list&quot;:[]}\">\n\t\t<div class=\"elementor-element elementor-element-0ea3806 e-con-full e-flex e-con e-child\" data-id=\"0ea3806\" data-element_type=\"container\" data-e-type=\"container\" data-settings=\"{&quot;background_background&quot;:&quot;classic&quot;,&quot;jet_parallax_layout_list&quot;:[]}\">\n\t\t\t\t<div class=\"elementor-element elementor-element-4736442 elementor-widget elementor-widget-image\" data-id=\"4736442\" data-element_type=\"widget\" data-e-type=\"widget\" data-widget_type=\"image.default\">\n\t\t\t\t<div class=\"elementor-widget-container\">\n\t\t\t\t\t\t\t\t\t\t\t\t\t\t\t<img fetchpriority=\"high\" decoding=\"async\" width=\"800\" height=\"141\" src=\"https:\/\/www.timeattack.se\/wp-content\/uploads\/2024\/03\/Streamer-utan-driver-svart-1024x180.png\" class=\"attachment-large size-large wp-image-12709\" alt=\"\" srcset=\"https:\/\/www.timeattack.se\/wp-content\/uploads\/2024\/03\/Streamer-utan-driver-svart-1024x180.png 1024w, https:\/\/www.timeattack.se\/wp-content\/uploads\/2024\/03\/Streamer-utan-driver-svart-600x106.png 600w, https:\/\/www.timeattack.se\/wp-content\/uploads\/2024\/03\/Streamer-utan-driver-svart-300x53.png 300w, https:\/\/www.timeattack.se\/wp-content\/uploads\/2024\/03\/Streamer-utan-driver-svart-768x135.png 768w, https:\/\/www.timeattack.se\/wp-content\/uploads\/2024\/03\/Streamer-utan-driver-svart-1536x271.png 1536w, https:\/\/www.timeattack.se\/wp-content\/uploads\/2024\/03\/Streamer-utan-driver-svart-2048x361.png 2048w\" sizes=\"(max-width: 800px) 100vw, 800px\" \/>\t\t\t\t\t\t\t\t\t\t\t\t\t\t\t<\/div>\n\t\t\t\t<\/div>\n\t\t\t\t<div class=\"elementor-element elementor-element-b71e8bf elementor-widget elementor-widget-text-editor\" data-id=\"b71e8bf\" data-element_type=\"widget\" data-e-type=\"widget\" data-widget_type=\"text-editor.default\">\n\t\t\t\t<div class=\"elementor-widget-container\">\n\t\t\t\t\t\t\t\t\t<p><span style=\"color: #000000;\">Superior Imports AB<\/span><\/p><p><span style=\"color: #000000;\">Tornv\u00e4gen 7<br \/>147 71 Gr\u00f6dinge<\/span><\/p><p><span style=\"color: #000000;\"><strong>Tel:<\/strong> 073-812 11 90<br \/><\/span><br \/><span style=\"color: #000000;\"><strong>E-mail:<\/strong> media@timeattacknu.se<\/span><\/p>\t\t\t\t\t\t\t\t<\/div>\n\t\t\t\t<\/div>\n\t\t\t\t<\/div>\n\t\t\t\t<\/div>\n\t\t<div class=\"elementor-element elementor-element-4ac28b7 e-con-full e-flex e-con e-child\" data-id=\"4ac28b7\" data-element_type=\"container\" data-e-type=\"container\" data-settings=\"{&quot;jet_parallax_layout_list&quot;:[]}\">\n\t\t\t\t<div class=\"elementor-element elementor-element-026825f elementor-widget elementor-widget-heading\" data-id=\"026825f\" data-element_type=\"widget\" data-e-type=\"widget\" data-widget_type=\"heading.default\">\n\t\t\t\t<div class=\"elementor-widget-container\">\n\t\t\t\t\t<h3 class=\"elementor-heading-title elementor-size-default\">Har du fr\u00e5gor eller funderingar?<\/h3>\t\t\t\t<\/div>\n\t\t\t\t<\/div>\n\t\t\t\t<div class=\"elementor-element elementor-element-1f211ea elementor-widget elementor-widget-text-editor\" data-id=\"1f211ea\" data-element_type=\"widget\" data-e-type=\"widget\" data-widget_type=\"text-editor.default\">\n\t\t\t\t<div class=\"elementor-widget-container\">\n\t\t\t\t\t\t\t\t\t<p>Tveka inte att n\u00e5 ut till oss! Fyll i formul\u00e4ret nedan med din f\u00f6rfr\u00e5gan, s\u00e5 \u00e5terkommer vi s\u00e5 snart som m\u00f6jligt. Vi ser fram emot att h\u00f6ra fr\u00e5n dig!<\/p>\t\t\t\t\t\t\t\t<\/div>\n\t\t\t\t<\/div>\n\t\t\t\t<div class=\"elementor-element elementor-element-9622651 elementor-widget elementor-widget-text-editor\" data-id=\"9622651\" data-element_type=\"widget\" data-e-type=\"widget\" data-widget_type=\"text-editor.default\">\n\t\t\t\t<div class=\"elementor-widget-container\">\n\t\t\t\t\t\t\t\t\t<p><div class=\"forminator-ui forminator-custom-form forminator-custom-form-12994 forminator-design--material  forminator_ajax\" data-forminator-render=\"0\" data-form=\"forminator-module-12994\" data-uid=\"69e3bc027b3ed\"><br\/><\/div><form\n\t\t\t\tid=\"forminator-module-12994\"\n\t\t\t\tclass=\"forminator-ui forminator-custom-form forminator-custom-form-12994 forminator-design--material  forminator_ajax\"\n\t\t\t\tmethod=\"post\"\n\t\t\t\tdata-forminator-render=\"0\"\n\t\t\t\tdata-form-id=\"12994\"\n\t\t\t\t data-color-option=\"default\" data-design=\"material\" data-grid=\"open\" style=\"display: none;\"\n\t\t\t\tdata-uid=\"69e3bc027b3ed\" action=\"\"\n\t\t\t><div role=\"alert\" aria-live=\"polite\" class=\"forminator-response-message forminator-error\" aria-hidden=\"true\"><\/div><div class=\"forminator-row\"><div id=\"name-1\" class=\"forminator-field-name forminator-col forminator-col-12\"><div class=\"forminator-field\"><label for=\"forminator-field-name-1_69e3bc027b3ed\" id=\"forminator-field-name-1_69e3bc027b3ed-label\" class=\"forminator-label\">Namn<\/label><input type=\"text\" name=\"name-1\" value=\"\" placeholder=\"Ditt namn\" id=\"forminator-field-name-1_69e3bc027b3ed\" class=\"forminator-input forminator-name--field\" aria-required=\"false\" autocomplete=\"name\" \/><\/div><\/div><\/div><div class=\"forminator-row\"><div id=\"email-1\" class=\"forminator-field-email forminator-col forminator-col-12\"><div class=\"forminator-field\"><label for=\"forminator-field-email-1_69e3bc027b3ed\" id=\"forminator-field-email-1_69e3bc027b3ed-label\" class=\"forminator-label\">E-post<\/label><input type=\"email\" name=\"email-1\" value=\"\" placeholder=\"@\" id=\"forminator-field-email-1_69e3bc027b3ed\" class=\"forminator-input forminator-email--field\" data-required=\"\" aria-required=\"false\" autocomplete=\"email\" \/><\/div><\/div><\/div><div class=\"forminator-row\"><div id=\"phone-1\" class=\"forminator-field-phone forminator-col forminator-col-12\"><div class=\"forminator-field\"><label for=\"forminator-field-phone-1_69e3bc027b3ed\" id=\"forminator-field-phone-1_69e3bc027b3ed-label\" class=\"forminator-label\">Telefon<\/label><input type=\"text\" name=\"phone-1\" value=\"\" placeholder=\"070-123 456 78\" id=\"forminator-field-phone-1_69e3bc027b3ed\" class=\"forminator-input forminator-field--phone\" data-required=\"\" aria-required=\"false\" autocomplete=\"off\" \/><\/div><\/div><\/div><div class=\"forminator-row\"><div id=\"radio-1\" class=\"forminator-field-radio forminator-col forminator-col-12\"><div role=\"radiogroup\" class=\"forminator-field\" aria-labelledby=\"forminator-radiogroup-radio-1-69e3bc027b3ed-label\"><span id=\"forminator-radiogroup-radio-1-69e3bc027b3ed-label\" class=\"forminator-label\">Vad g\u00e4ller ditt \u00e4rende?<\/span><label id=\"forminator-field-radio-1-label-1\" for=\"forminator-field-radio-1-1-69e3bc027b3ed\" class=\"forminator-radio forminator-radio-inline\" title=\"Intresseanm\u00e4lan\"><input type=\"radio\" name=\"radio-1\" value=\"Intresseanm\u00e4lan\" id=\"forminator-field-radio-1-1-69e3bc027b3ed\" aria-labelledby=\"forminator-field-radio-1-label-1\" data-calculation=\"0\"   data-hidden-behavior=\"zero\"\/><span class=\"forminator-radio-bullet\" aria-hidden=\"true\"><\/span><span class=\"forminator-radio-label\">Intresseanm\u00e4lan<\/span><\/label><label id=\"forminator-field-radio-1-label-2\" for=\"forminator-field-radio-1-2-69e3bc027b3ed\" class=\"forminator-radio forminator-radio-inline\" title=\"Fr\u00e5gor och funderingar\"><input type=\"radio\" name=\"radio-1\" value=\"Fr\u00e5gor och funderingar\" id=\"forminator-field-radio-1-2-69e3bc027b3ed\" aria-labelledby=\"forminator-field-radio-1-label-2\" data-calculation=\"0\"   data-hidden-behavior=\"zero\"\/><span class=\"forminator-radio-bullet\" aria-hidden=\"true\"><\/span><span class=\"forminator-radio-label\">Fr\u00e5gor och funderingar<\/span><\/label><label id=\"forminator-field-radio-1-label-3\" for=\"forminator-field-radio-1-3-69e3bc027b3ed\" class=\"forminator-radio forminator-radio-inline\" title=\"Annat\"><input type=\"radio\" name=\"radio-1\" value=\"Annat\" id=\"forminator-field-radio-1-3-69e3bc027b3ed\" aria-labelledby=\"forminator-field-radio-1-label-3\" data-calculation=\"0\"   data-hidden-behavior=\"zero\"\/><span class=\"forminator-radio-bullet\" aria-hidden=\"true\"><\/span><span class=\"forminator-radio-label\">Annat<\/span><\/label><\/div><\/div><\/div><div class=\"forminator-row\"><div id=\"textarea-1\" class=\"forminator-field-textarea forminator-col forminator-col-12\"><div class=\"forminator-field\"><label for=\"forminator-field-textarea-1_69e3bc027b3ed\" id=\"forminator-field-textarea-1_69e3bc027b3ed-label\" class=\"forminator-label\">Ditt meddelande<\/label><textarea name=\"textarea-1\" placeholder=\"Hur kan vi hj\u00e4lpa dig?\" id=\"forminator-field-textarea-1_69e3bc027b3ed\" class=\"forminator-textarea\" rows=\"6\" style=\"min-height:140px;\" ><\/textarea><\/div><\/div><\/div><input type=\"hidden\" name=\"referer_url\" value=\"\" \/><div class=\"forminator-row forminator-row-last\"><div class=\"forminator-col\"><div class=\"forminator-field\"><button class=\"forminator-button forminator-button-submit\"><span>Skicka meddelande<\/span><span aria-hidden=\"true\"><\/span><\/button><\/div><\/div><\/div><input type=\"hidden\" id=\"forminator_nonce\" name=\"forminator_nonce\" value=\"c0785a77b9\" \/><input type=\"hidden\" name=\"_wp_http_referer\" value=\"\/fi\/wp-json\/wp\/v2\/pages\/406\" \/><input type=\"hidden\" name=\"form_id\" value=\"12994\"><input type=\"hidden\" name=\"page_id\" value=\"406\"><input type=\"hidden\" name=\"form_type\" value=\"default\"><input type=\"hidden\" name=\"current_url\" value=\"https:\/\/www.timeattack.se\/fi\/kontakta-oss\/\"><input type=\"hidden\" name=\"render_id\" value=\"0\"><input type=\"hidden\" name=\"action\" value=\"forminator_submit_form_custom-forms\"><label for=\"input_6\" class=\"forminator-hidden\" aria-hidden=\"true\">Please do not fill in this field. <input id=\"input_6\" type=\"text\" name=\"input_6\" value=\"\" autocomplete=\"off\"><\/label><input type=\"hidden\" name=\"trp-form-language\" value=\"fi\"\/><\/form><\/p>\t\t\t\t\t\t\t\t<\/div>\n\t\t\t\t<\/div>\n\t\t\t\t<\/div>\n\t\t\t\t\t<\/div>\n\t\t\t\t<\/div>\n\t\t\t\t<\/div>","protected":false},"excerpt":{"rendered":"<p>Kontakta oss Startsida Superior Imports AB Tornv\u00e4gen 7147 71 Gr\u00f6dinge Tel: 073-812 11 90 E-mail: media@timeattacknu.se Har du fr\u00e5gor eller funderingar? Tveka inte att n\u00e5 ut till oss! Fyll i formul\u00e4ret nedan med din f\u00f6rfr\u00e5gan, s\u00e5 \u00e5terkommer vi s\u00e5 snart som m\u00f6jligt. Vi ser fram emot att h\u00f6ra fr\u00e5n dig!<\/p>","protected":false},"author":1,"featured_media":0,"parent":0,"menu_order":0,"comment_status":"closed","ping_status":"closed","template":"","meta":{"_acf_changed":false,"footnotes":""},"class_list":["post-406","page","type-page","status-publish","hentry"],"acf":[],"yoast_head":"<!-- This site is optimized with the Yoast SEO plugin v27.1.1 - https:\/\/yoast.com\/product\/yoast-seo-wordpress\/ -->\n<title>Kontakta oss - TIMEATTACK.SE<\/title>\n<meta name=\"robots\" content=\"index, follow, max-snippet:-1, max-image-preview:large, max-video-preview:-1\" \/>\n<link rel=\"canonical\" href=\"https:\/\/www.timeattack.se\/fi\/kontakta-oss\/\" \/>\n<meta property=\"og:locale\" content=\"fi_FI\" \/>\n<meta property=\"og:type\" content=\"article\" \/>\n<meta property=\"og:title\" content=\"Kontakta oss - TIMEATTACK.SE\" \/>\n<meta property=\"og:description\" content=\"Kontakta oss Startsida Superior Imports AB Tornv\u00e4gen 7147 71 Gr\u00f6dinge Tel: 073-812 11 90 E-mail: media@timeattacknu.se Har du fr\u00e5gor eller funderingar? Tveka inte att n\u00e5 ut till oss! Fyll i formul\u00e4ret nedan med din f\u00f6rfr\u00e5gan, s\u00e5 \u00e5terkommer vi s\u00e5 snart som m\u00f6jligt. Vi ser fram emot att h\u00f6ra fr\u00e5n dig!\" \/>\n<meta property=\"og:url\" content=\"https:\/\/www.timeattack.se\/fi\/kontakta-oss\/\" \/>\n<meta property=\"og:site_name\" content=\"TIMEATTACK.SE\" \/>\n<meta property=\"article:modified_time\" content=\"2024-03-20T11:21:39+00:00\" \/>\n<meta property=\"og:image\" content=\"https:\/\/www.timeattack.se\/wp-content\/uploads\/2024\/03\/Streamer-utan-driver-svart-1024x180.png\" \/>\n<meta name=\"twitter:card\" content=\"summary_large_image\" \/>\n<meta name=\"twitter:label1\" content=\"Arvioitu lukuaika\" \/>\n\t<meta name=\"twitter:data1\" content=\"1 minuutti\" \/>\n<script type=\"application\/ld+json\" class=\"yoast-schema-graph\">{\"@context\":\"https:\/\/schema.org\",\"@graph\":[{\"@type\":\"WebPage\",\"@id\":\"https:\/\/www.timeattack.se\/kontakta-oss\/\",\"url\":\"https:\/\/www.timeattack.se\/kontakta-oss\/\",\"name\":\"Kontakta oss - TIMEATTACK.SE\",\"isPartOf\":{\"@id\":\"https:\/\/www.timeattack.se\/#website\"},\"primaryImageOfPage\":{\"@id\":\"https:\/\/www.timeattack.se\/kontakta-oss\/#primaryimage\"},\"image\":{\"@id\":\"https:\/\/www.timeattack.se\/kontakta-oss\/#primaryimage\"},\"thumbnailUrl\":\"https:\/\/www.timeattack.se\/wp-content\/uploads\/2024\/03\/Streamer-utan-driver-svart-1024x180.png\",\"datePublished\":\"2024-02-18T07:45:30+00:00\",\"dateModified\":\"2024-03-20T11:21:39+00:00\",\"breadcrumb\":{\"@id\":\"https:\/\/www.timeattack.se\/kontakta-oss\/#breadcrumb\"},\"inLanguage\":\"fi\",\"potentialAction\":[{\"@type\":\"ReadAction\",\"target\":[\"https:\/\/www.timeattack.se\/kontakta-oss\/\"]}]},{\"@type\":\"ImageObject\",\"inLanguage\":\"fi\",\"@id\":\"https:\/\/www.timeattack.se\/kontakta-oss\/#primaryimage\",\"url\":\"https:\/\/www.timeattack.se\/wp-content\/uploads\/2024\/03\/Streamer-utan-driver-svart-1024x180.png\",\"contentUrl\":\"https:\/\/www.timeattack.se\/wp-content\/uploads\/2024\/03\/Streamer-utan-driver-svart-1024x180.png\"},{\"@type\":\"BreadcrumbList\",\"@id\":\"https:\/\/www.timeattack.se\/kontakta-oss\/#breadcrumb\",\"itemListElement\":[{\"@type\":\"ListItem\",\"position\":1,\"name\":\"Hem\",\"item\":\"https:\/\/www.timeattack.se\/\"},{\"@type\":\"ListItem\",\"position\":2,\"name\":\"Kontakta oss\"}]},{\"@type\":\"WebSite\",\"@id\":\"https:\/\/www.timeattack.se\/#website\",\"url\":\"https:\/\/www.timeattack.se\/\",\"name\":\"TIMEATTACK.SE\",\"description\":\"DAGS F\u00d6R NYTT PB!\",\"potentialAction\":[{\"@type\":\"SearchAction\",\"target\":{\"@type\":\"EntryPoint\",\"urlTemplate\":\"https:\/\/www.timeattack.se\/?s={search_term_string}\"},\"query-input\":{\"@type\":\"PropertyValueSpecification\",\"valueRequired\":true,\"valueName\":\"search_term_string\"}}],\"inLanguage\":\"fi\"}]}<\/script>\n<!-- \/ Yoast SEO plugin. -->","yoast_head_json":{"title":"Kontakta oss - TIMEATTACK.SE","robots":{"index":"index","follow":"follow","max-snippet":"max-snippet:-1","max-image-preview":"max-image-preview:large","max-video-preview":"max-video-preview:-1"},"canonical":"https:\/\/www.timeattack.se\/fi\/kontakta-oss\/","og_locale":"fi_FI","og_type":"article","og_title":"Kontakta oss - TIMEATTACK.SE","og_description":"Kontakta oss Startsida Superior Imports AB Tornv\u00e4gen 7147 71 Gr\u00f6dinge Tel: 073-812 11 90 E-mail: media@timeattacknu.se Har du fr\u00e5gor eller funderingar? Tveka inte att n\u00e5 ut till oss! Fyll i formul\u00e4ret nedan med din f\u00f6rfr\u00e5gan, s\u00e5 \u00e5terkommer vi s\u00e5 snart som m\u00f6jligt. Vi ser fram emot att h\u00f6ra fr\u00e5n dig!","og_url":"https:\/\/www.timeattack.se\/fi\/kontakta-oss\/","og_site_name":"TIMEATTACK.SE","article_modified_time":"2024-03-20T11:21:39+00:00","og_image":[{"url":"https:\/\/www.timeattack.se\/wp-content\/uploads\/2024\/03\/Streamer-utan-driver-svart-1024x180.png","type":"","width":"","height":""}],"twitter_card":"summary_large_image","twitter_misc":{"Arvioitu lukuaika":"1 minuutti"},"schema":{"@context":"https:\/\/schema.org","@graph":[{"@type":"WebPage","@id":"https:\/\/www.timeattack.se\/kontakta-oss\/","url":"https:\/\/www.timeattack.se\/kontakta-oss\/","name":"Kontakta oss - TIMEATTACK.SE","isPartOf":{"@id":"https:\/\/www.timeattack.se\/#website"},"primaryImageOfPage":{"@id":"https:\/\/www.timeattack.se\/kontakta-oss\/#primaryimage"},"image":{"@id":"https:\/\/www.timeattack.se\/kontakta-oss\/#primaryimage"},"thumbnailUrl":"https:\/\/www.timeattack.se\/wp-content\/uploads\/2024\/03\/Streamer-utan-driver-svart-1024x180.png","datePublished":"2024-02-18T07:45:30+00:00","dateModified":"2024-03-20T11:21:39+00:00","breadcrumb":{"@id":"https:\/\/www.timeattack.se\/kontakta-oss\/#breadcrumb"},"inLanguage":"fi","potentialAction":[{"@type":"ReadAction","target":["https:\/\/www.timeattack.se\/kontakta-oss\/"]}]},{"@type":"ImageObject","inLanguage":"fi","@id":"https:\/\/www.timeattack.se\/kontakta-oss\/#primaryimage","url":"https:\/\/www.timeattack.se\/wp-content\/uploads\/2024\/03\/Streamer-utan-driver-svart-1024x180.png","contentUrl":"https:\/\/www.timeattack.se\/wp-content\/uploads\/2024\/03\/Streamer-utan-driver-svart-1024x180.png"},{"@type":"BreadcrumbList","@id":"https:\/\/www.timeattack.se\/kontakta-oss\/#breadcrumb","itemListElement":[{"@type":"ListItem","position":1,"name":"Hem","item":"https:\/\/www.timeattack.se\/"},{"@type":"ListItem","position":2,"name":"Kontakta oss"}]},{"@type":"WebSite","@id":"https:\/\/www.timeattack.se\/#website","url":"https:\/\/www.timeattack.se\/","name":"TIMEATTACK.SE","description":"DAGS F\u00d6R NYTT PB!","potentialAction":[{"@type":"SearchAction","target":{"@type":"EntryPoint","urlTemplate":"https:\/\/www.timeattack.se\/?s={search_term_string}"},"query-input":{"@type":"PropertyValueSpecification","valueRequired":true,"valueName":"search_term_string"}}],"inLanguage":"fi"}]}},"_links":{"self":[{"href":"https:\/\/www.timeattack.se\/fi\/wp-json\/wp\/v2\/pages\/406","targetHints":{"allow":["GET"]}}],"collection":[{"href":"https:\/\/www.timeattack.se\/fi\/wp-json\/wp\/v2\/pages"}],"about":[{"href":"https:\/\/www.timeattack.se\/fi\/wp-json\/wp\/v2\/types\/page"}],"author":[{"embeddable":true,"href":"https:\/\/www.timeattack.se\/fi\/wp-json\/wp\/v2\/users\/1"}],"replies":[{"embeddable":true,"href":"https:\/\/www.timeattack.se\/fi\/wp-json\/wp\/v2\/comments?post=406"}],"version-history":[{"count":13,"href":"https:\/\/www.timeattack.se\/fi\/wp-json\/wp\/v2\/pages\/406\/revisions"}],"predecessor-version":[{"id":12997,"href":"https:\/\/www.timeattack.se\/fi\/wp-json\/wp\/v2\/pages\/406\/revisions\/12997"}],"wp:attachment":[{"href":"https:\/\/www.timeattack.se\/fi\/wp-json\/wp\/v2\/media?parent=406"}],"curies":[{"name":"wp","href":"https:\/\/api.w.org\/{rel}","templated":true}]}}