{"id":19839,"date":"2025-06-24T10:54:20","date_gmt":"2025-06-24T09:54:20","guid":{"rendered":"https:\/\/www.timeattack.se\/?page_id=19839"},"modified":"2025-10-24T14:44:10","modified_gmt":"2025-10-24T13:44:10","slug":"bulletiner","status":"publish","type":"page","link":"https:\/\/www.timeattack.se\/fi\/bulletiner\/","title":{"rendered":"Bulletiner"},"content":{"rendered":"<div data-elementor-type=\"wp-page\" data-elementor-id=\"19839\" class=\"elementor elementor-19839\">\n\t\t\t\t<div class=\"elementor-element elementor-element-97c2444 e-con-full e-flex e-con e-parent\" data-id=\"97c2444\" data-element_type=\"container\" data-e-type=\"container\" data-settings=\"{&quot;jet_parallax_layout_list&quot;:[]}\">\n\t\t<div class=\"elementor-element elementor-element-64c19e2 e-con-full e-flex e-con e-child\" data-id=\"64c19e2\" data-element_type=\"container\" data-e-type=\"container\" data-settings=\"{&quot;background_background&quot;:&quot;classic&quot;,&quot;jet_parallax_layout_list&quot;:[]}\">\n\t\t<div class=\"elementor-element elementor-element-0775ea2 e-con-full e-flex e-con e-child\" data-id=\"0775ea2\" data-element_type=\"container\" data-e-type=\"container\" data-settings=\"{&quot;jet_parallax_layout_list&quot;:[]}\">\n\t\t\t\t<div class=\"elementor-element elementor-element-b15c1b8 elementor-widget elementor-widget-text-editor\" data-id=\"b15c1b8\" data-element_type=\"widget\" data-e-type=\"widget\" data-widget_type=\"text-editor.default\">\n\t\t\t\t<div class=\"elementor-widget-container\">\n\t\t\t\t\t\t\t\t\t<h1 style=\"margin: 0; padding: 0; font-weight: 600;\"><span style=\"color: #ffffff;\">BULLETINER<\/span><\/h1>\t\t\t\t\t\t\t\t<\/div>\n\t\t\t\t<\/div>\n\t\t\t\t<\/div>\n\t\t\t\t<\/div>\n\t\t\t\t<\/div>\n\t\t<div class=\"elementor-element elementor-element-4eb1b5f e-con-full e-flex e-con e-child\" data-id=\"4eb1b5f\" data-element_type=\"container\" data-e-type=\"container\" data-settings=\"{&quot;background_background&quot;:&quot;classic&quot;,&quot;jet_parallax_layout_list&quot;:[]}\">\n\t\t<div class=\"elementor-element elementor-element-788444c e-flex e-con-boxed e-con e-child\" data-id=\"788444c\" data-element_type=\"container\" data-e-type=\"container\" data-settings=\"{&quot;jet_parallax_layout_list&quot;:[]}\">\n\t\t\t\t\t<div class=\"e-con-inner\">\n\t\t\t\t<div class=\"elementor-element elementor-element-1c493e4 elementor-widget elementor-widget-text-editor\" data-id=\"1c493e4\" data-element_type=\"widget\" data-e-type=\"widget\" data-widget_type=\"text-editor.default\">\n\t\t\t\t<div class=\"elementor-widget-container\">\n\t\t\t\t\t\t\t\t\t<h3 style=\"text-align: center;\">H\u00e4r hittar ni alla bulletiner (till\u00e4gg) som vi gjort i reglerna under s\u00e4songen 2026.<\/h3>\t\t\t\t\t\t\t\t<\/div>\n\t\t\t\t<\/div>\n\t\t<div class=\"elementor-element elementor-element-e64672a e-con-full e-flex e-con e-child\" data-id=\"e64672a\" data-element_type=\"container\" data-e-type=\"container\" data-settings=\"{&quot;background_background&quot;:&quot;classic&quot;,&quot;jet_parallax_layout_list&quot;:[]}\">\n\t\t<div class=\"elementor-element elementor-element-8bea6bc e-flex e-con-boxed e-con e-child\" data-id=\"8bea6bc\" data-element_type=\"container\" data-e-type=\"container\" data-settings=\"{&quot;jet_parallax_layout_list&quot;:[]}\">\n\t\t\t\t\t<div class=\"e-con-inner\">\n\t\t\t\t\t<\/div>\n\t\t\t\t<\/div>\n\t\t\t\t<\/div>\n\t\t\t\t\t<\/div>\n\t\t\t\t<\/div>\n\t\t\t\t<\/div>\n\t\t\t\t<\/div>","protected":false},"excerpt":{"rendered":"<p>BULLETINER H\u00e4r hittar ni alla bulletiner (till\u00e4gg) som vi gjort i reglerna under s\u00e4songen 2026.<\/p>","protected":false},"author":14,"featured_media":0,"parent":0,"menu_order":0,"comment_status":"closed","ping_status":"closed","template":"","meta":{"_acf_changed":false,"footnotes":""},"class_list":["post-19839","page","type-page","status-publish","hentry"],"acf":[],"yoast_head":"<!-- This site is optimized with the Yoast SEO plugin v27.1.1 - https:\/\/yoast.com\/product\/yoast-seo-wordpress\/ -->\n<title>Bulletiner - TIMEATTACK.SE<\/title>\n<meta name=\"robots\" content=\"index, follow, max-snippet:-1, max-image-preview:large, max-video-preview:-1\" \/>\n<link rel=\"canonical\" href=\"https:\/\/www.timeattack.se\/fi\/bulletiner\/\" \/>\n<meta property=\"og:locale\" content=\"fi_FI\" \/>\n<meta property=\"og:type\" content=\"article\" \/>\n<meta property=\"og:title\" content=\"Bulletiner - TIMEATTACK.SE\" \/>\n<meta property=\"og:description\" content=\"BULLETINER H\u00e4r hittar ni alla bulletiner (till\u00e4gg) som vi gjort i reglerna under s\u00e4songen 2026.\" \/>\n<meta property=\"og:url\" content=\"https:\/\/www.timeattack.se\/fi\/bulletiner\/\" \/>\n<meta property=\"og:site_name\" content=\"TIMEATTACK.SE\" \/>\n<meta property=\"article:modified_time\" content=\"2025-10-24T13:44:10+00:00\" \/>\n<meta name=\"twitter:card\" content=\"summary_large_image\" \/>\n<meta name=\"twitter:label1\" content=\"Arvioitu lukuaika\" \/>\n\t<meta name=\"twitter:data1\" content=\"1 minuutti\" \/>\n<script type=\"application\/ld+json\" class=\"yoast-schema-graph\">{\"@context\":\"https:\/\/schema.org\",\"@graph\":[{\"@type\":\"WebPage\",\"@id\":\"https:\/\/www.timeattack.se\/bulletiner\/\",\"url\":\"https:\/\/www.timeattack.se\/bulletiner\/\",\"name\":\"Bulletiner - TIMEATTACK.SE\",\"isPartOf\":{\"@id\":\"https:\/\/www.timeattack.se\/#website\"},\"datePublished\":\"2025-06-24T09:54:20+00:00\",\"dateModified\":\"2025-10-24T13:44:10+00:00\",\"breadcrumb\":{\"@id\":\"https:\/\/www.timeattack.se\/bulletiner\/#breadcrumb\"},\"inLanguage\":\"fi\",\"potentialAction\":[{\"@type\":\"ReadAction\",\"target\":[\"https:\/\/www.timeattack.se\/bulletiner\/\"]}]},{\"@type\":\"BreadcrumbList\",\"@id\":\"https:\/\/www.timeattack.se\/bulletiner\/#breadcrumb\",\"itemListElement\":[{\"@type\":\"ListItem\",\"position\":1,\"name\":\"Hem\",\"item\":\"https:\/\/www.timeattack.se\/\"},{\"@type\":\"ListItem\",\"position\":2,\"name\":\"Bulletiner\"}]},{\"@type\":\"WebSite\",\"@id\":\"https:\/\/www.timeattack.se\/#website\",\"url\":\"https:\/\/www.timeattack.se\/\",\"name\":\"TIMEATTACK.SE\",\"description\":\"DAGS F\u00d6R NYTT PB!\",\"potentialAction\":[{\"@type\":\"SearchAction\",\"target\":{\"@type\":\"EntryPoint\",\"urlTemplate\":\"https:\/\/www.timeattack.se\/?s={search_term_string}\"},\"query-input\":{\"@type\":\"PropertyValueSpecification\",\"valueRequired\":true,\"valueName\":\"search_term_string\"}}],\"inLanguage\":\"fi\"}]}<\/script>\n<!-- \/ Yoast SEO plugin. -->","yoast_head_json":{"title":"Bulletiner - TIMEATTACK.SE","robots":{"index":"index","follow":"follow","max-snippet":"max-snippet:-1","max-image-preview":"max-image-preview:large","max-video-preview":"max-video-preview:-1"},"canonical":"https:\/\/www.timeattack.se\/fi\/bulletiner\/","og_locale":"fi_FI","og_type":"article","og_title":"Bulletiner - TIMEATTACK.SE","og_description":"BULLETINER H\u00e4r hittar ni alla bulletiner (till\u00e4gg) som vi gjort i reglerna under s\u00e4songen 2026.","og_url":"https:\/\/www.timeattack.se\/fi\/bulletiner\/","og_site_name":"TIMEATTACK.SE","article_modified_time":"2025-10-24T13:44:10+00:00","twitter_card":"summary_large_image","twitter_misc":{"Arvioitu lukuaika":"1 minuutti"},"schema":{"@context":"https:\/\/schema.org","@graph":[{"@type":"WebPage","@id":"https:\/\/www.timeattack.se\/bulletiner\/","url":"https:\/\/www.timeattack.se\/bulletiner\/","name":"Bulletiner - TIMEATTACK.SE","isPartOf":{"@id":"https:\/\/www.timeattack.se\/#website"},"datePublished":"2025-06-24T09:54:20+00:00","dateModified":"2025-10-24T13:44:10+00:00","breadcrumb":{"@id":"https:\/\/www.timeattack.se\/bulletiner\/#breadcrumb"},"inLanguage":"fi","potentialAction":[{"@type":"ReadAction","target":["https:\/\/www.timeattack.se\/bulletiner\/"]}]},{"@type":"BreadcrumbList","@id":"https:\/\/www.timeattack.se\/bulletiner\/#breadcrumb","itemListElement":[{"@type":"ListItem","position":1,"name":"Hem","item":"https:\/\/www.timeattack.se\/"},{"@type":"ListItem","position":2,"name":"Bulletiner"}]},{"@type":"WebSite","@id":"https:\/\/www.timeattack.se\/#website","url":"https:\/\/www.timeattack.se\/","name":"TIMEATTACK.SE","description":"DAGS F\u00d6R NYTT PB!","potentialAction":[{"@type":"SearchAction","target":{"@type":"EntryPoint","urlTemplate":"https:\/\/www.timeattack.se\/?s={search_term_string}"},"query-input":{"@type":"PropertyValueSpecification","valueRequired":true,"valueName":"search_term_string"}}],"inLanguage":"fi"}]}},"_links":{"self":[{"href":"https:\/\/www.timeattack.se\/fi\/wp-json\/wp\/v2\/pages\/19839","targetHints":{"allow":["GET"]}}],"collection":[{"href":"https:\/\/www.timeattack.se\/fi\/wp-json\/wp\/v2\/pages"}],"about":[{"href":"https:\/\/www.timeattack.se\/fi\/wp-json\/wp\/v2\/types\/page"}],"author":[{"embeddable":true,"href":"https:\/\/www.timeattack.se\/fi\/wp-json\/wp\/v2\/users\/14"}],"replies":[{"embeddable":true,"href":"https:\/\/www.timeattack.se\/fi\/wp-json\/wp\/v2\/comments?post=19839"}],"version-history":[{"count":20,"href":"https:\/\/www.timeattack.se\/fi\/wp-json\/wp\/v2\/pages\/19839\/revisions"}],"predecessor-version":[{"id":20583,"href":"https:\/\/www.timeattack.se\/fi\/wp-json\/wp\/v2\/pages\/19839\/revisions\/20583"}],"wp:attachment":[{"href":"https:\/\/www.timeattack.se\/fi\/wp-json\/wp\/v2\/media?parent=19839"}],"curies":[{"name":"wp","href":"https:\/\/api.w.org\/{rel}","templated":true}]}}