{"id":18338,"date":"2025-03-06T13:45:42","date_gmt":"2025-03-06T13:45:42","guid":{"rendered":"https:\/\/www.timeattack.se\/?page_id=18338"},"modified":"2025-03-14T14:36:24","modified_gmt":"2025-03-14T13:36:24","slug":"bp-stipendiet","status":"publish","type":"page","link":"https:\/\/www.timeattack.se\/fi\/bp-stipendiet\/","title":{"rendered":"B&#038;P STIPENDIET"},"content":{"rendered":"<div data-elementor-type=\"wp-page\" data-elementor-id=\"18338\" class=\"elementor elementor-18338\">\n\t\t\t\t<div class=\"elementor-element elementor-element-425bf8a e-flex e-con-boxed e-con e-parent\" data-id=\"425bf8a\" data-element_type=\"container\" data-e-type=\"container\" data-settings=\"{&quot;jet_parallax_layout_list&quot;:[]}\">\n\t\t\t\t\t<div class=\"e-con-inner\">\n\t\t\t\t<div class=\"elementor-element elementor-element-8605556 elementor-widget elementor-widget-image\" data-id=\"8605556\" data-element_type=\"widget\" data-e-type=\"widget\" data-widget_type=\"image.default\">\n\t\t\t\t<div class=\"elementor-widget-container\">\n\t\t\t\t\t\t\t\t\t\t\t\t\t\t\t<img fetchpriority=\"high\" decoding=\"async\" width=\"800\" height=\"450\" src=\"https:\/\/www.timeattack.se\/wp-content\/uploads\/2025\/03\/BP-Stipendiet-1024x576.jpg\" class=\"attachment-large size-large wp-image-18368\" alt=\"\" srcset=\"https:\/\/www.timeattack.se\/wp-content\/uploads\/2025\/03\/BP-Stipendiet-1024x576.jpg 1024w, https:\/\/www.timeattack.se\/wp-content\/uploads\/2025\/03\/BP-Stipendiet-600x338.jpg 600w, https:\/\/www.timeattack.se\/wp-content\/uploads\/2025\/03\/BP-Stipendiet-300x169.jpg 300w, https:\/\/www.timeattack.se\/wp-content\/uploads\/2025\/03\/BP-Stipendiet-768x432.jpg 768w, https:\/\/www.timeattack.se\/wp-content\/uploads\/2025\/03\/BP-Stipendiet-1536x864.jpg 1536w, https:\/\/www.timeattack.se\/wp-content\/uploads\/2025\/03\/BP-Stipendiet-2048x1152.jpg 2048w, https:\/\/www.timeattack.se\/wp-content\/uploads\/2025\/03\/BP-Stipendiet-18x10.jpg 18w\" sizes=\"(max-width: 800px) 100vw, 800px\" \/>\t\t\t\t\t\t\t\t\t\t\t\t\t\t\t<\/div>\n\t\t\t\t<\/div>\n\t\t\t\t<div class=\"elementor-element elementor-element-2c2a488 elementor-widget elementor-widget-text-editor\" data-id=\"2c2a488\" data-element_type=\"widget\" data-e-type=\"widget\" data-widget_type=\"text-editor.default\">\n\t\t\t\t<div class=\"elementor-widget-container\">\n\t\t\t\t\t\t\t\t\t<p data-start=\"0\" data-end=\"81\"><strong data-start=\"0\" data-end=\"31\">B&amp;P Stipendiet &#8211; SCANDINAVIAN TIME ATTACK<\/strong><br data-start=\"31\" data-end=\"34\">B&amp;P st\u00f6ttar unga talanger f\u00f6r andra \u00e5ret i rad!<\/p>\n<p data-start=\"83\" data-end=\"304\">\u00c4r du f\u00f6dd \u00e5r 2000 eller senare och har en passion f\u00f6r bank\u00f6rning? D\u00e5 har du chansen att ta del av v\u00e5rt B&amp;P Stipendium!<\/p>\n<p><em>&#8221;Vi p\u00e5 B&amp;P vill ge unga f\u00f6rare m\u00f6jligheten att t\u00e4vla p\u00e5 h\u00f6gsta niv\u00e5 och utvecklas inom motorsporten.&#8221; \/ Johan Lagerstr\u00f6m<\/em><\/p>\n<p data-start=\"306\" data-end=\"438\">Stipendiet t\u00e4cker hela startavgiften f\u00f6r en full s\u00e4song i SCANDINAVIAN TIME ATTACK \u2013 fem t\u00e4vlingsdagar fyllda med fart och sp\u00e4nning!<\/p><p data-start=\"306\" data-end=\"438\"><i>&#8221;&#8221;N\u00e4r jag fick stipendiet, k\u00e4ndes det som att n\u00e5gon trodde p\u00e5 mig och det gav mig motivation att forts\u00e4tta k\u00e4mpa. Det gav mig ocks\u00e5 en m\u00f6jlighet att satsa p\u00e5 en framtid inom motorsporten, n\u00e5got som annars hade varit sv\u00e5rt&#8221; \/ Lovisa Sandberg &#8211; stependiat 2024.&#8221;<\/i><\/p>\t\t\t\t\t\t\t\t<\/div>\n\t\t\t\t<\/div>\n\t\t\t\t<div class=\"elementor-element elementor-element-34d9d06 elementor-widget-divider--view-line elementor-widget elementor-widget-divider\" data-id=\"34d9d06\" data-element_type=\"widget\" data-e-type=\"widget\" data-widget_type=\"divider.default\">\n\t\t\t\t<div class=\"elementor-widget-container\">\n\t\t\t\t\t\t\t<div class=\"elementor-divider\">\n\t\t\t<span class=\"elementor-divider-separator\">\n\t\t\t\t\t\t<\/span>\n\t\t<\/div>\n\t\t\t\t\t\t<\/div>\n\t\t\t\t<\/div>\n\t\t\t\t<div class=\"elementor-element elementor-element-45b0916 elementor-widget elementor-widget-text-editor\" data-id=\"45b0916\" data-element_type=\"widget\" data-e-type=\"widget\" data-widget_type=\"text-editor.default\">\n\t\t\t\t<div class=\"elementor-widget-container\">\n\t\t\t\t\t\t\t\t\t<p data-start=\"440\" data-end=\"683\"><strong data-start=\"440\" data-end=\"461\">S\u00e5 h\u00e4r ans\u00f6ker du<\/strong><br data-start=\"461\" data-end=\"464\" \/>Skriv en motivering d\u00e4r du ber\u00e4ttar varf\u00f6r just du ska f\u00e5 ta del av stipendiet och hur du planerar att g\u00f6ra avtryck inom motorsporten. Var \u00f6vertygande, visa din drivkraft och vad som g\u00f6r dig till n\u00e4sta stj\u00e4rna p\u00e5 banan!<\/p><p data-start=\"685\" data-end=\"727\" data-is-last-node=\"\" data-is-only-node=\"\">Lycka till \u2013 vi ser fram emot din ans\u00f6kan!<\/p>\t\t\t\t\t\t\t\t<\/div>\n\t\t\t\t<\/div>\n\t\t\t\t<div class=\"elementor-element elementor-element-e14dc7b elementor-widget elementor-widget-video\" data-id=\"e14dc7b\" data-element_type=\"widget\" data-e-type=\"widget\" data-settings=\"{&quot;youtube_url&quot;:&quot;https:\\\/\\\/youtu.be\\\/-DTouAD6kZE&quot;,&quot;video_type&quot;:&quot;youtube&quot;,&quot;controls&quot;:&quot;yes&quot;}\" data-widget_type=\"video.default\">\n\t\t\t\t<div class=\"elementor-widget-container\">\n\t\t\t\t\t\t\t<div class=\"elementor-wrapper elementor-open-inline\">\n\t\t\t<div class=\"elementor-video\"><\/div>\t\t<\/div>\n\t\t\t\t\t\t<\/div>\n\t\t\t\t<\/div>\n\t\t\t\t<div class=\"elementor-element elementor-element-1d35373 elementor-widget elementor-widget-shortcode\" data-id=\"1d35373\" data-element_type=\"widget\" data-e-type=\"widget\" data-widget_type=\"shortcode.default\">\n\t\t\t\t<div class=\"elementor-widget-container\">\n\t\t\t\t\t\t\t<div class=\"elementor-shortcode\"><div class=\"forminator-ui forminator-custom-form forminator-custom-form-18337 forminator-design--default  forminator_ajax\" data-forminator-render=\"0\" data-form=\"forminator-module-18337\" data-uid=\"69e3bc18602f0\"><br\/><\/div><form\n\t\t\t\tid=\"forminator-module-18337\"\n\t\t\t\tclass=\"forminator-ui forminator-custom-form forminator-custom-form-18337 forminator-design--default  forminator_ajax\"\n\t\t\t\tmethod=\"post\"\n\t\t\t\tdata-forminator-render=\"0\"\n\t\t\t\tdata-form-id=\"18337\"\n\t\t\t\tenctype=\"multipart\/form-data\" data-color-option=\"theme\" data-design=\"default\" data-grid=\"open\" style=\"display: none;\"\n\t\t\t\tdata-uid=\"69e3bc18602f0\" action=\"\"\n\t\t\t><div role=\"alert\" aria-live=\"polite\" class=\"forminator-response-message forminator-error\" aria-hidden=\"true\"><\/div><div class=\"forminator-row\"><div id=\"name-1\" class=\"forminator-field-name forminator-col forminator-col-12\"><div class=\"forminator-row forminator-no-margin\" data-multiple=\"true\"><div class=\"forminator-col forminator-col-md-6\"><div class=\"forminator-field\"><label for=\"forminator-field-first-name-1_69e3bc18602f0\" id=\"forminator-field-first-name-1_69e3bc18602f0-label\" class=\"forminator-label\">Etunimi <span class=\"forminator-required\">*<\/span><\/label><input type=\"text\" name=\"name-1-first-name\" placeholder=\"T.ex. Janne\" id=\"forminator-field-first-name-1_69e3bc18602f0\" class=\"forminator-input\" aria-required=\"true\" data-multi=\"1\" autocomplete=\"given-name\" value=\"\" \/><\/div><\/div><div class=\"forminator-col forminator-col-md-6\"><div class=\"forminator-field\"><label for=\"forminator-field-last-name-1_69e3bc18602f0\" id=\"forminator-field-last-name-1_69e3bc18602f0-label\" class=\"forminator-label\">Sukunimi <span class=\"forminator-required\">*<\/span><\/label><input type=\"text\" name=\"name-1-last-name\" placeholder=\"T.ex. Jannesson\" id=\"forminator-field-last-name-1_69e3bc18602f0\" class=\"forminator-input\" aria-required=\"true\" data-multi=\"1\" autocomplete=\"family-name\" value=\"\" \/><\/div><\/div><\/div><\/div><\/div><div class=\"forminator-row\"><div id=\"phone-1\" class=\"forminator-field-phone forminator-col forminator-col-6\"><div class=\"forminator-field\"><label for=\"forminator-field-phone-1_69e3bc18602f0\" id=\"forminator-field-phone-1_69e3bc18602f0-label\" class=\"forminator-label\">Puhelin <span class=\"forminator-required\">*<\/span><\/label><input type=\"text\" name=\"phone-1\" value=\"\" placeholder=\"T.ex. 0709162621\" id=\"forminator-field-phone-1_69e3bc18602f0\" class=\"forminator-input forminator-field--phone\" data-required=\"1\" aria-required=\"true\" autocomplete=\"off\" \/><\/div><\/div><div id=\"email-1\" class=\"forminator-field-email forminator-col forminator-col-6\"><div class=\"forminator-field\"><label for=\"forminator-field-email-1_69e3bc18602f0\" id=\"forminator-field-email-1_69e3bc18602f0-label\" class=\"forminator-label\">S\u00e4hk\u00f6posti <span class=\"forminator-required\">*<\/span><\/label><input type=\"email\" name=\"email-1\" value=\"\" placeholder=\"T.ex. janne@timeattack.se\" id=\"forminator-field-email-1_69e3bc18602f0\" class=\"forminator-input forminator-email--field\" data-required=\"true\" aria-required=\"true\" autocomplete=\"email\" \/><\/div><\/div><\/div><div class=\"forminator-row\"><div id=\"text-1\" class=\"forminator-field-text forminator-col forminator-col-12\"><div class=\"forminator-field\"><label for=\"forminator-field-text-1_69e3bc18602f0\" id=\"forminator-field-text-1_69e3bc18602f0-label\" class=\"forminator-label\">Regnr p\u00e5 bilen du ska k\u00f6ra med<\/label><input type=\"text\" name=\"text-1\" value=\"\" placeholder=\"\" id=\"forminator-field-text-1_69e3bc18602f0\" class=\"forminator-input forminator-name--field\" data-required=\"\" \/><\/div><\/div><\/div><div class=\"forminator-row\"><div id=\"textarea-1\" class=\"forminator-field-textarea forminator-col forminator-col-12\"><div class=\"forminator-field\"><label for=\"forminator-field-textarea-1_69e3bc18602f0\" id=\"forminator-field-textarea-1_69e3bc18602f0-label\" class=\"forminator-label\">Motivera varf\u00f6r just du ska ta del av detta stipendium. <span class=\"forminator-required\">*<\/span><\/label><textarea name=\"textarea-1\" placeholder=\"\" id=\"forminator-field-textarea-1_69e3bc18602f0\" class=\"forminator-textarea\" rows=\"6\" style=\"min-height:140px;\" ><\/textarea><\/div><\/div><\/div><div class=\"forminator-row\"><div id=\"text-2\" class=\"forminator-field-text forminator-col forminator-col-12\"><div class=\"forminator-field\"><label for=\"forminator-field-text-2_69e3bc18602f0\" id=\"forminator-field-text-2_69e3bc18602f0-label\" class=\"forminator-label\">Hur h\u00f6rde du talas om TIMEATTACK.SE <span class=\"forminator-required\">*<\/span><\/label><input type=\"text\" name=\"text-2\" value=\"\" placeholder=\"\" id=\"forminator-field-text-2_69e3bc18602f0\" class=\"forminator-input forminator-name--field\" data-required=\"1\" \/><\/div><\/div><\/div><div class=\"forminator-row\"><div id=\"upload-1\" class=\"forminator-field-upload forminator-col forminator-col-12\"><div class=\"forminator-field\"><label for=\"forminator-field-upload-1_69e3bc18602f0\" id=\"forminator-field-upload-1_69e3bc18602f0-label\" class=\"forminator-label\">Ladda upp bild p\u00e5 din bil<\/label><div class=\"forminator-multi-upload\" data-element=\"upload-1_69e3bc18602f0\"><input type=\"file\" name=\"upload-1[]\" id=\"forminator-field-upload-1_69e3bc18602f0\" class=\"forminator-input-file forminator-field-upload-1_69e3bc18602f0-18337\" multiple=\"multiple\" data-method=\"ajax\" data-size=\"8000000\" data-size-message=\"Maximum file size allowed is 8 MB. \"><div class=\"forminator-multi-upload-message\" aria-hidden=\"true\"><span class=\"forminator-icon-upload\" aria-hidden=\"true\"><\/span><p>Drag and Drop (or) <a class=\"forminator-upload-file--forminator-field-upload-1_69e3bc18602f0\" href=\"#\" onclick=\"return false;\">Choose Files<\/a><\/p><\/div><\/div><ul class=\"forminator-uploaded-files upload-container-upload-1_69e3bc18602f0\"><\/ul><\/div><\/div><\/div><input type=\"hidden\" name=\"referer_url\" value=\"\" \/><div class=\"forminator-row forminator-row-last\"><div class=\"forminator-col\"><div class=\"forminator-field\"><button class=\"forminator-button forminator-button-submit\">Send Message<\/button><\/div><\/div><\/div><input type=\"hidden\" id=\"forminator_nonce\" name=\"forminator_nonce\" value=\"123ac454a7\" \/><input type=\"hidden\" name=\"_wp_http_referer\" value=\"\/fi\/wp-json\/wp\/v2\/pages\/18338\" \/><input type=\"hidden\" name=\"form_id\" value=\"18337\"><input type=\"hidden\" name=\"page_id\" value=\"18338\"><input type=\"hidden\" name=\"form_type\" value=\"default\"><input type=\"hidden\" name=\"current_url\" value=\"https:\/\/www.timeattack.se\/fi\/bp-stipendiet\/\"><input type=\"hidden\" name=\"render_id\" value=\"0\"><input type=\"hidden\" name=\"forminator-multifile-hidden\" class=\"forminator-multifile-hidden\"><input type=\"hidden\" name=\"action\" value=\"forminator_submit_form_custom-forms\"><input type=\"hidden\" name=\"trp-form-language\" value=\"fi\"\/><\/form><\/div>\n\t\t\t\t\t\t<\/div>\n\t\t\t\t<\/div>\n\t\t\t\t\t<\/div>\n\t\t\t\t<\/div>\n\t\t\t\t<\/div>","protected":false},"excerpt":{"rendered":"<p>B&amp;P Stipendiet &#8211; SCANDINAVIAN TIME ATTACKB&amp;P st\u00f6ttar unga talanger f\u00f6r andra \u00e5ret i rad! \u00c4r du f\u00f6dd \u00e5r 2000 eller senare och har en passion f\u00f6r bank\u00f6rning? D\u00e5 har du chansen att ta del av v\u00e5rt B&amp;P Stipendium! &#8221;Vi p\u00e5 B&amp;P vill ge unga f\u00f6rare m\u00f6jligheten att t\u00e4vla p\u00e5 h\u00f6gsta niv\u00e5 och utvecklas inom motorsporten.&#8221; [&hellip;]<\/p>\n","protected":false},"author":14,"featured_media":0,"parent":0,"menu_order":0,"comment_status":"closed","ping_status":"closed","template":"","meta":{"_acf_changed":false,"footnotes":""},"class_list":["post-18338","page","type-page","status-publish","hentry"],"acf":[],"yoast_head":"<!-- This site is optimized with the Yoast SEO plugin v27.1.1 - https:\/\/yoast.com\/product\/yoast-seo-wordpress\/ -->\n<title>B&amp;P STIPENDIET - TIMEATTACK.SE<\/title>\n<meta name=\"robots\" content=\"index, follow, max-snippet:-1, max-image-preview:large, max-video-preview:-1\" \/>\n<link rel=\"canonical\" href=\"https:\/\/www.timeattack.se\/fi\/bp-stipendiet\/\" \/>\n<meta property=\"og:locale\" content=\"fi_FI\" \/>\n<meta property=\"og:type\" content=\"article\" \/>\n<meta property=\"og:title\" content=\"B&amp;P STIPENDIET - TIMEATTACK.SE\" \/>\n<meta property=\"og:description\" content=\"B&amp;P Stipendiet &#8211; SCANDINAVIAN TIME ATTACKB&amp;P st\u00f6ttar unga talanger f\u00f6r andra \u00e5ret i rad! \u00c4r du f\u00f6dd \u00e5r 2000 eller senare och har en passion f\u00f6r bank\u00f6rning? D\u00e5 har du chansen att ta del av v\u00e5rt B&amp;P Stipendium! &#8221;Vi p\u00e5 B&amp;P vill ge unga f\u00f6rare m\u00f6jligheten att t\u00e4vla p\u00e5 h\u00f6gsta niv\u00e5 och utvecklas inom motorsporten.&#8221; [&hellip;]\" \/>\n<meta property=\"og:url\" content=\"https:\/\/www.timeattack.se\/fi\/bp-stipendiet\/\" \/>\n<meta property=\"og:site_name\" content=\"TIMEATTACK.SE\" \/>\n<meta property=\"article:modified_time\" content=\"2025-03-14T13:36:24+00:00\" \/>\n<meta property=\"og:image\" content=\"https:\/\/www.timeattack.se\/wp-content\/uploads\/2025\/03\/BP-Stipendiet.jpg\" \/>\n\t<meta property=\"og:image:width\" content=\"2316\" \/>\n\t<meta property=\"og:image:height\" content=\"1303\" \/>\n\t<meta property=\"og:image:type\" content=\"image\/jpeg\" \/>\n<meta name=\"twitter:card\" content=\"summary_large_image\" \/>\n<meta name=\"twitter:label1\" content=\"Arvioitu lukuaika\" \/>\n\t<meta name=\"twitter:data1\" content=\"1 minuutti\" \/>\n<script type=\"application\/ld+json\" class=\"yoast-schema-graph\">{\"@context\":\"https:\/\/schema.org\",\"@graph\":[{\"@type\":\"WebPage\",\"@id\":\"https:\/\/www.timeattack.se\/bp-stipendiet\/\",\"url\":\"https:\/\/www.timeattack.se\/bp-stipendiet\/\",\"name\":\"B&P STIPENDIET - TIMEATTACK.SE\",\"isPartOf\":{\"@id\":\"https:\/\/www.timeattack.se\/#website\"},\"primaryImageOfPage\":{\"@id\":\"https:\/\/www.timeattack.se\/bp-stipendiet\/#primaryimage\"},\"image\":{\"@id\":\"https:\/\/www.timeattack.se\/bp-stipendiet\/#primaryimage\"},\"thumbnailUrl\":\"https:\/\/www.timeattack.se\/wp-content\/uploads\/2025\/03\/BP-Stipendiet-1024x576.jpg\",\"datePublished\":\"2025-03-06T13:45:42+00:00\",\"dateModified\":\"2025-03-14T13:36:24+00:00\",\"breadcrumb\":{\"@id\":\"https:\/\/www.timeattack.se\/bp-stipendiet\/#breadcrumb\"},\"inLanguage\":\"fi\",\"potentialAction\":[{\"@type\":\"ReadAction\",\"target\":[\"https:\/\/www.timeattack.se\/bp-stipendiet\/\"]}]},{\"@type\":\"ImageObject\",\"inLanguage\":\"fi\",\"@id\":\"https:\/\/www.timeattack.se\/bp-stipendiet\/#primaryimage\",\"url\":\"https:\/\/www.timeattack.se\/wp-content\/uploads\/2025\/03\/BP-Stipendiet-1024x576.jpg\",\"contentUrl\":\"https:\/\/www.timeattack.se\/wp-content\/uploads\/2025\/03\/BP-Stipendiet-1024x576.jpg\"},{\"@type\":\"BreadcrumbList\",\"@id\":\"https:\/\/www.timeattack.se\/bp-stipendiet\/#breadcrumb\",\"itemListElement\":[{\"@type\":\"ListItem\",\"position\":1,\"name\":\"Hem\",\"item\":\"https:\/\/www.timeattack.se\/\"},{\"@type\":\"ListItem\",\"position\":2,\"name\":\"B&#038;P STIPENDIET\"}]},{\"@type\":\"WebSite\",\"@id\":\"https:\/\/www.timeattack.se\/#website\",\"url\":\"https:\/\/www.timeattack.se\/\",\"name\":\"TIMEATTACK.SE\",\"description\":\"DAGS F\u00d6R NYTT PB!\",\"potentialAction\":[{\"@type\":\"SearchAction\",\"target\":{\"@type\":\"EntryPoint\",\"urlTemplate\":\"https:\/\/www.timeattack.se\/?s={search_term_string}\"},\"query-input\":{\"@type\":\"PropertyValueSpecification\",\"valueRequired\":true,\"valueName\":\"search_term_string\"}}],\"inLanguage\":\"fi\"}]}<\/script>\n<!-- \/ Yoast SEO plugin. -->","yoast_head_json":{"title":"B&P STIPENDIET - TIMEATTACK.SE","robots":{"index":"index","follow":"follow","max-snippet":"max-snippet:-1","max-image-preview":"max-image-preview:large","max-video-preview":"max-video-preview:-1"},"canonical":"https:\/\/www.timeattack.se\/fi\/bp-stipendiet\/","og_locale":"fi_FI","og_type":"article","og_title":"B&P STIPENDIET - TIMEATTACK.SE","og_description":"B&amp;P Stipendiet &#8211; SCANDINAVIAN TIME ATTACKB&amp;P st\u00f6ttar unga talanger f\u00f6r andra \u00e5ret i rad! \u00c4r du f\u00f6dd \u00e5r 2000 eller senare och har en passion f\u00f6r bank\u00f6rning? D\u00e5 har du chansen att ta del av v\u00e5rt B&amp;P Stipendium! &#8221;Vi p\u00e5 B&amp;P vill ge unga f\u00f6rare m\u00f6jligheten att t\u00e4vla p\u00e5 h\u00f6gsta niv\u00e5 och utvecklas inom motorsporten.&#8221; [&hellip;]","og_url":"https:\/\/www.timeattack.se\/fi\/bp-stipendiet\/","og_site_name":"TIMEATTACK.SE","article_modified_time":"2025-03-14T13:36:24+00:00","og_image":[{"width":2316,"height":1303,"url":"https:\/\/www.timeattack.se\/wp-content\/uploads\/2025\/03\/BP-Stipendiet.jpg","type":"image\/jpeg"}],"twitter_card":"summary_large_image","twitter_misc":{"Arvioitu lukuaika":"1 minuutti"},"schema":{"@context":"https:\/\/schema.org","@graph":[{"@type":"WebPage","@id":"https:\/\/www.timeattack.se\/bp-stipendiet\/","url":"https:\/\/www.timeattack.se\/bp-stipendiet\/","name":"B&P STIPENDIET - TIMEATTACK.SE","isPartOf":{"@id":"https:\/\/www.timeattack.se\/#website"},"primaryImageOfPage":{"@id":"https:\/\/www.timeattack.se\/bp-stipendiet\/#primaryimage"},"image":{"@id":"https:\/\/www.timeattack.se\/bp-stipendiet\/#primaryimage"},"thumbnailUrl":"https:\/\/www.timeattack.se\/wp-content\/uploads\/2025\/03\/BP-Stipendiet-1024x576.jpg","datePublished":"2025-03-06T13:45:42+00:00","dateModified":"2025-03-14T13:36:24+00:00","breadcrumb":{"@id":"https:\/\/www.timeattack.se\/bp-stipendiet\/#breadcrumb"},"inLanguage":"fi","potentialAction":[{"@type":"ReadAction","target":["https:\/\/www.timeattack.se\/bp-stipendiet\/"]}]},{"@type":"ImageObject","inLanguage":"fi","@id":"https:\/\/www.timeattack.se\/bp-stipendiet\/#primaryimage","url":"https:\/\/www.timeattack.se\/wp-content\/uploads\/2025\/03\/BP-Stipendiet-1024x576.jpg","contentUrl":"https:\/\/www.timeattack.se\/wp-content\/uploads\/2025\/03\/BP-Stipendiet-1024x576.jpg"},{"@type":"BreadcrumbList","@id":"https:\/\/www.timeattack.se\/bp-stipendiet\/#breadcrumb","itemListElement":[{"@type":"ListItem","position":1,"name":"Hem","item":"https:\/\/www.timeattack.se\/"},{"@type":"ListItem","position":2,"name":"B&#038;P STIPENDIET"}]},{"@type":"WebSite","@id":"https:\/\/www.timeattack.se\/#website","url":"https:\/\/www.timeattack.se\/","name":"TIMEATTACK.SE","description":"DAGS F\u00d6R NYTT PB!","potentialAction":[{"@type":"SearchAction","target":{"@type":"EntryPoint","urlTemplate":"https:\/\/www.timeattack.se\/?s={search_term_string}"},"query-input":{"@type":"PropertyValueSpecification","valueRequired":true,"valueName":"search_term_string"}}],"inLanguage":"fi"}]}},"_links":{"self":[{"href":"https:\/\/www.timeattack.se\/fi\/wp-json\/wp\/v2\/pages\/18338","targetHints":{"allow":["GET"]}}],"collection":[{"href":"https:\/\/www.timeattack.se\/fi\/wp-json\/wp\/v2\/pages"}],"about":[{"href":"https:\/\/www.timeattack.se\/fi\/wp-json\/wp\/v2\/types\/page"}],"author":[{"embeddable":true,"href":"https:\/\/www.timeattack.se\/fi\/wp-json\/wp\/v2\/users\/14"}],"replies":[{"embeddable":true,"href":"https:\/\/www.timeattack.se\/fi\/wp-json\/wp\/v2\/comments?post=18338"}],"version-history":[{"count":20,"href":"https:\/\/www.timeattack.se\/fi\/wp-json\/wp\/v2\/pages\/18338\/revisions"}],"predecessor-version":[{"id":18432,"href":"https:\/\/www.timeattack.se\/fi\/wp-json\/wp\/v2\/pages\/18338\/revisions\/18432"}],"wp:attachment":[{"href":"https:\/\/www.timeattack.se\/fi\/wp-json\/wp\/v2\/media?parent=18338"}],"curies":[{"name":"wp","href":"https:\/\/api.w.org\/{rel}","templated":true}]}}