{"id":16603,"date":"2024-12-02T10:49:26","date_gmt":"2024-12-02T10:49:26","guid":{"rendered":"https:\/\/www.timeattack.se\/?page_id=16603"},"modified":"2025-12-12T08:44:30","modified_gmt":"2025-12-12T07:44:30","slug":"dispensansokan","status":"publish","type":"page","link":"https:\/\/www.timeattack.se\/fi\/dispensansokan\/","title":{"rendered":"Poikkeushakemus"},"content":{"rendered":"<div data-elementor-type=\"wp-page\" data-elementor-id=\"16603\" class=\"elementor elementor-16603\">\n\t\t\t\t<div class=\"elementor-element elementor-element-1753513 e-con-full e-flex e-con e-parent\" data-id=\"1753513\" data-element_type=\"container\" data-e-type=\"container\" data-settings=\"{&quot;jet_parallax_layout_list&quot;:[]}\">\n\t\t<div class=\"elementor-element elementor-element-b07bd7f e-con-full e-flex e-con e-child\" data-id=\"b07bd7f\" data-element_type=\"container\" data-e-type=\"container\" data-settings=\"{&quot;background_background&quot;:&quot;classic&quot;,&quot;jet_parallax_layout_list&quot;:[]}\">\n\t\t<div class=\"elementor-element elementor-element-5633447 e-con-full e-flex e-con e-child\" data-id=\"5633447\" data-element_type=\"container\" data-e-type=\"container\" data-settings=\"{&quot;jet_parallax_layout_list&quot;:[]}\">\n\t\t\t\t<div class=\"elementor-element elementor-element-7b9d313 elementor-widget elementor-widget-text-editor\" data-id=\"7b9d313\" data-element_type=\"widget\" data-e-type=\"widget\" data-widget_type=\"text-editor.default\">\n\t\t\t\t<div class=\"elementor-widget-container\">\n\t\t\t\t\t\t\t\t\t<h1 style=\"margin: 0px; padding: 0px; font-weight: 600;\"><span style=\"color: #ffffff;\">DISPENSANS\u00d6KAN<\/span><\/h1>\t\t\t\t\t\t\t\t<\/div>\n\t\t\t\t<\/div>\n\t\t\t\t<div class=\"elementor-element elementor-element-ef52678 elementor-widget elementor-widget-jet-breadcrumbs\" data-id=\"ef52678\" data-element_type=\"widget\" data-e-type=\"widget\" data-widget_type=\"jet-breadcrumbs.default\">\n\t\t\t\t<div class=\"elementor-widget-container\">\n\t\t\t\t\t<div class=\"elementor-jet-breadcrumbs jet-blocks\">\n\t\t<div class=\"jet-breadcrumbs\">\n\t\t<div class=\"jet-breadcrumbs__content\">\n\t\t<div class=\"jet-breadcrumbs__wrap\"><div class=\"jet-breadcrumbs__item\"><a href=\"https:\/\/www.timeattack.se\/fi\/\" class=\"jet-breadcrumbs__item-link is-home\" rel=\"home\" title=\"Aloitussivu\">Aloitussivu<\/a><\/div>\n\t\t<\/div>\n\t\t<\/div>\n\t\t<\/div><\/div>\t\t\t\t<\/div>\n\t\t\t\t<\/div>\n\t\t\t\t<\/div>\n\t\t\t\t<\/div>\n\t\t<div class=\"elementor-element elementor-element-dffea2f e-flex e-con-boxed e-con e-child\" data-id=\"dffea2f\" data-element_type=\"container\" data-e-type=\"container\" id=\"dark-inner-2\" data-settings=\"{&quot;jet_parallax_layout_list&quot;:[]}\">\n\t\t\t\t\t<div class=\"e-con-inner\">\n\t\t\t\t<div class=\"elementor-element elementor-element-e50489f elementor-widget elementor-widget-spacer\" data-id=\"e50489f\" data-element_type=\"widget\" data-e-type=\"widget\" data-widget_type=\"spacer.default\">\n\t\t\t\t<div class=\"elementor-widget-container\">\n\t\t\t\t\t\t\t<div class=\"elementor-spacer\">\n\t\t\t<div class=\"elementor-spacer-inner\"><\/div>\n\t\t<\/div>\n\t\t\t\t\t\t<\/div>\n\t\t\t\t<\/div>\n\t\t<div class=\"elementor-element elementor-element-693030d e-con-full e-flex e-con e-child\" data-id=\"693030d\" data-element_type=\"container\" data-e-type=\"container\" data-settings=\"{&quot;background_background&quot;:&quot;classic&quot;,&quot;jet_parallax_layout_list&quot;:[]}\">\n\t\t<div class=\"elementor-element elementor-element-0e570b1 e-con-full e-flex e-con e-child\" data-id=\"0e570b1\" data-element_type=\"container\" data-e-type=\"container\" data-settings=\"{&quot;background_background&quot;:&quot;classic&quot;,&quot;jet_parallax_layout_list&quot;:[]}\">\n\t\t\t\t<div class=\"elementor-element elementor-element-3e7696a elementor-widget elementor-widget-text-editor\" data-id=\"3e7696a\" data-element_type=\"widget\" data-e-type=\"widget\" data-widget_type=\"text-editor.default\">\n\t\t\t\t<div class=\"elementor-widget-container\">\n\t\t\t\t\t\t\t\t\t<h4><strong><span style=\"background-color: transparent;\">H\u00e4r finner du formul\u00e4r f\u00f6r att ans\u00f6ka om dispens samt en lista f\u00f6r alla ans\u00f6kningar som har skickats in tidigare.<\/span><\/strong><\/h4>\t\t\t\t\t\t\t\t<\/div>\n\t\t\t\t<\/div>\n\t\t\t\t<div class=\"elementor-element elementor-element-c3c57c0 elementor-align-center elementor-widget elementor-widget-button\" data-id=\"c3c57c0\" data-element_type=\"widget\" data-e-type=\"widget\" data-widget_type=\"button.default\">\n\t\t\t\t<div class=\"elementor-widget-container\">\n\t\t\t\t\t\t\t\t\t<div class=\"elementor-button-wrapper\">\n\t\t\t\t\t<a class=\"elementor-button elementor-button-link elementor-size-sm elementor-animation-shrink\" href=\"https:\/\/docs.google.com\/spreadsheets\/d\/1nGx0_2AzFg01oWuzmRgPX6G8c7RpaEU20cRJc72vgJ0\/edit?usp=sharing\" target=\"_blank\">\n\t\t\t\t\t\t<span class=\"elementor-button-content-wrapper\">\n\t\t\t\t\t\t\t\t\t<span class=\"elementor-button-text\">Lista med dispenser 2026<\/span>\n\t\t\t\t\t<\/span>\n\t\t\t\t\t<\/a>\n\t\t\t\t<\/div>\n\t\t\t\t\t\t\t\t<\/div>\n\t\t\t\t<\/div>\n\t\t\t\t<\/div>\n\t\t\t\t<\/div>\n\t\t<div class=\"elementor-element elementor-element-1964d8b e-con-full e-flex e-con e-child\" data-id=\"1964d8b\" data-element_type=\"container\" data-e-type=\"container\" id=\"dark-inner-3\" data-settings=\"{&quot;jet_parallax_layout_list&quot;:[],&quot;background_background&quot;:&quot;classic&quot;}\">\n\t\t\t\t<div class=\"elementor-element elementor-element-bb659db elementor-widget elementor-widget-text-editor\" data-id=\"bb659db\" data-element_type=\"widget\" data-e-type=\"widget\" data-widget_type=\"text-editor.default\">\n\t\t\t\t<div class=\"elementor-widget-container\">\n\t\t\t\t\t\t\t\t\t<h4><strong>Scandinavian Time Attack Dispensans\u00f6kan<\/strong><\/h4>\t\t\t\t\t\t\t\t<\/div>\n\t\t\t\t<\/div>\n\t\t\t\t<div class=\"elementor-element elementor-element-887387d elementor-widget elementor-widget-shortcode\" data-id=\"887387d\" data-element_type=\"widget\" data-e-type=\"widget\" data-widget_type=\"shortcode.default\">\n\t\t\t\t<div class=\"elementor-widget-container\">\n\t\t\t\t\t\t\t<div class=\"elementor-shortcode\"><div class=\"forminator-ui forminator-custom-form forminator-custom-form-16602 forminator-design--default  forminator_ajax\" data-forminator-render=\"0\" data-form=\"forminator-module-16602\" data-uid=\"69e390b892fc1\"><br\/><\/div><form\n\t\t\t\tid=\"forminator-module-16602\"\n\t\t\t\tclass=\"forminator-ui forminator-custom-form forminator-custom-form-16602 forminator-design--default  forminator_ajax\"\n\t\t\t\tmethod=\"post\"\n\t\t\t\tdata-forminator-render=\"0\"\n\t\t\t\tdata-form-id=\"16602\"\n\t\t\t\tenctype=\"multipart\/form-data\" data-color-option=\"theme\" data-design=\"default\" data-grid=\"open\" style=\"display: none;\"\n\t\t\t\tdata-uid=\"69e390b892fc1\" action=\"\"\n\t\t\t><div role=\"alert\" aria-live=\"polite\" class=\"forminator-response-message forminator-error\" aria-hidden=\"true\"><\/div><div class=\"forminator-row\"><div id=\"name-1\" class=\"forminator-field-name forminator-col forminator-col-12\"><div class=\"forminator-row forminator-no-margin\" data-multiple=\"true\"><div class=\"forminator-col forminator-col-md-6\"><div class=\"forminator-field\"><label for=\"forminator-field-first-name-1_69e390b892fc1\" id=\"forminator-field-first-name-1_69e390b892fc1-label\" class=\"forminator-label\">Etunimi <span class=\"forminator-required\">*<\/span><\/label><input type=\"text\" name=\"name-1-first-name\" placeholder=\"T.ex. Janne\" id=\"forminator-field-first-name-1_69e390b892fc1\" class=\"forminator-input\" aria-required=\"true\" data-multi=\"1\" autocomplete=\"given-name\" value=\"\" \/><\/div><\/div><div class=\"forminator-col forminator-col-md-6\"><div class=\"forminator-field\"><label for=\"forminator-field-last-name-1_69e390b892fc1\" id=\"forminator-field-last-name-1_69e390b892fc1-label\" class=\"forminator-label\">Sukunimi <span class=\"forminator-required\">*<\/span><\/label><input type=\"text\" name=\"name-1-last-name\" placeholder=\"T.ex. Jannesson\" id=\"forminator-field-last-name-1_69e390b892fc1\" class=\"forminator-input\" aria-required=\"true\" data-multi=\"1\" autocomplete=\"family-name\" value=\"\" \/><\/div><\/div><\/div><\/div><\/div><div class=\"forminator-row\"><div id=\"email-1\" class=\"forminator-field-email forminator-col forminator-col-12\"><div class=\"forminator-field\"><label for=\"forminator-field-email-1_69e390b892fc1\" id=\"forminator-field-email-1_69e390b892fc1-label\" class=\"forminator-label\">Email <span class=\"forminator-required\">*<\/span><\/label><input type=\"email\" name=\"email-1\" value=\"\" placeholder=\"T.ex. janne@gmail.com\" id=\"forminator-field-email-1_69e390b892fc1\" class=\"forminator-input forminator-email--field\" data-required=\"1\" aria-required=\"true\" autocomplete=\"email\" \/><\/div><\/div><\/div><div class=\"forminator-row\"><div id=\"text-13\" class=\"forminator-field-text forminator-col forminator-col-12\"><div class=\"forminator-field\"><label for=\"forminator-field-text-13_69e390b892fc1\" id=\"forminator-field-text-13_69e390b892fc1-label\" class=\"forminator-label\">Startnummer <span class=\"forminator-required\">*<\/span><\/label><input type=\"text\" name=\"text-13\" value=\"\" placeholder=\"\" id=\"forminator-field-text-13_69e390b892fc1\" class=\"forminator-input forminator-name--field\" data-required=\"1\" \/><\/div><\/div><\/div><div class=\"forminator-row\"><div id=\"select-1\" class=\"forminator-field-select forminator-col forminator-col-12\"><div class=\"forminator-field\"><label for=\"forminator-form-16602__field--select-1_69e390b892fc1\" id=\"forminator-form-16602__field--select-1_69e390b892fc1-label\" class=\"forminator-label\">Luokka <span class=\"forminator-required\">*<\/span><\/label><select  id=\"forminator-form-16602__field--select-1_69e390b892fc1\" class=\"forminator-select--field forminator-select2 forminator-select2-multiple\" data-required=\"1\" name=\"select-1\" data-default-value=\"\" data-hidden-behavior=\"zero\" data-placeholder=\"Vilken klass?\" data-search=\"false\" data-search-placeholder=\"Vilken klass?\" data-checkbox=\"false\" data-allow-clear=\"false\" aria-labelledby=\"forminator-form-16602__field--select-1_69e390b892fc1-label\"><option value=\"\"  >Vilken klass?<\/option><option value=\"ELECTRIC\"  data-calculation=\"0\">ELECTRIC<\/option><option value=\"CLUB GO!\"  data-calculation=\"0\">CLUB GO!<\/option><option value=\"CLUB\"  data-calculation=\"0\">CLUB<\/option><option value=\"CHALLENGE\"  data-calculation=\"0\">CHALLENGE<\/option><option value=\"PRO STREET\"  data-calculation=\"0\">PRO STREET<\/option><option value=\"PRO\"  data-calculation=\"0\">PRO<\/option><option value=\"PRO MOD\"  data-calculation=\"0\">PRO MOD<\/option><option value=\"UNLIMITED\"  data-calculation=\"0\">UNLIMITED<\/option><option value=\"VET INTE\"  data-calculation=\"0\">VET INTE, KONTAKTA MIG<\/option><\/select><\/div><\/div><\/div><div class=\"forminator-row\"><div id=\"text-14\" class=\"forminator-field-text forminator-col forminator-col-12\"><div class=\"forminator-field\"><label for=\"forminator-field-text-14_69e390b892fc1\" id=\"forminator-field-text-14_69e390b892fc1-label\" class=\"forminator-label\">Automerkki ja malli <span class=\"forminator-required\">*<\/span><\/label><input type=\"text\" name=\"text-14\" value=\"\" placeholder=\"T.ex. BMW M3 &quot;Schirmer edition&quot;\" id=\"forminator-field-text-14_69e390b892fc1\" class=\"forminator-input forminator-name--field\" data-required=\"1\" \/><\/div><\/div><\/div><div class=\"forminator-row\"><div id=\"text-17\" class=\"forminator-field-text forminator-col forminator-col-12\"><div class=\"forminator-field\"><label for=\"forminator-field-text-17_69e390b892fc1\" id=\"forminator-field-text-17_69e390b892fc1-label\" class=\"forminator-label\">Faktisk motoreffekt (HK\/NM). <span class=\"forminator-required\">*<\/span><\/label><input type=\"text\" name=\"text-17\" value=\"\" placeholder=\"\" id=\"forminator-field-text-17_69e390b892fc1\" class=\"forminator-input forminator-name--field\" data-required=\"1\" \/><\/div><\/div><\/div><div class=\"forminator-row\"><div id=\"text-18\" class=\"forminator-field-text forminator-col forminator-col-12\"><div class=\"forminator-field\"><label for=\"forminator-field-text-18_69e390b892fc1\" id=\"forminator-field-text-18_69e390b892fc1-label\" class=\"forminator-label\">Faktisk vikt p\u00e5 bilen(KG). Vet du inte skriv tj\u00e4nstevikt <span class=\"forminator-required\">*<\/span><\/label><input type=\"text\" name=\"text-18\" value=\"\" placeholder=\"\" id=\"forminator-field-text-18_69e390b892fc1\" class=\"forminator-input forminator-name--field\" data-required=\"1\" \/><\/div><\/div><\/div><div class=\"forminator-row\"><div id=\"text-19\" class=\"forminator-field-text forminator-col forminator-col-12\"><div class=\"forminator-field\"><label for=\"forminator-field-text-19_69e390b892fc1\" id=\"forminator-field-text-19_69e390b892fc1-label\" class=\"forminator-label\">D\u00e4cksmodell och dimension <span class=\"forminator-required\">*<\/span><\/label><input type=\"text\" name=\"text-19\" value=\"\" placeholder=\"\" id=\"forminator-field-text-19_69e390b892fc1\" class=\"forminator-input forminator-name--field\" data-required=\"1\" \/><\/div><\/div><\/div><div class=\"forminator-row\"><div id=\"text-3\" class=\"forminator-field-text forminator-col forminator-col-12\"><div class=\"forminator-field\"><label for=\"forminator-field-text-3_69e390b892fc1\" id=\"forminator-field-text-3_69e390b892fc1-label\" class=\"forminator-label\">Vilken regel vill du s\u00f6ka dispens f\u00f6r? (ex. TA-CG 3.11) <span class=\"forminator-required\">*<\/span><\/label><input type=\"text\" name=\"text-3\" value=\"\" placeholder=\"\" id=\"forminator-field-text-3_69e390b892fc1\" class=\"forminator-input forminator-name--field\" data-required=\"1\" \/><\/div><\/div><\/div><div class=\"forminator-row\"><div id=\"text-7\" class=\"forminator-field-text forminator-col forminator-col-12\"><div class=\"forminator-field\"><label for=\"forminator-field-text-7_69e390b892fc1\" id=\"forminator-field-text-7_69e390b892fc1-label\" class=\"forminator-label\">Anledning \/ argument f\u00f6r att den skall godk\u00e4nnas <span class=\"forminator-required\">*<\/span><\/label><input type=\"text\" name=\"text-7\" value=\"\" placeholder=\"\" id=\"forminator-field-text-7_69e390b892fc1\" class=\"forminator-input forminator-name--field\" data-required=\"1\" \/><\/div><\/div><\/div><div class=\"forminator-row\"><div id=\"text-8\" class=\"forminator-field-text forminator-col forminator-col-12\"><div class=\"forminator-field\"><label for=\"forminator-field-text-8_69e390b892fc1\" id=\"forminator-field-text-8_69e390b892fc1-label\" class=\"forminator-label\">F\u00f6rslag p\u00e5 motkrav <span class=\"forminator-required\">*<\/span><\/label><input type=\"text\" name=\"text-8\" value=\"\" placeholder=\"\" id=\"forminator-field-text-8_69e390b892fc1\" class=\"forminator-input forminator-name--field\" data-required=\"1\" \/><\/div><\/div><\/div><div class=\"forminator-row\"><div id=\"textarea-2\" class=\"forminator-field-textarea forminator-col forminator-col-12\"><div class=\"forminator-field\"><label for=\"forminator-field-textarea-2_69e390b892fc1\" id=\"forminator-field-textarea-2_69e390b892fc1-label\" class=\"forminator-label\">\u00d6vrigt<\/label><textarea name=\"textarea-2\" placeholder=\"\" id=\"forminator-field-textarea-2_69e390b892fc1\" class=\"forminator-textarea\" rows=\"6\" style=\"min-height:140px;\" ><\/textarea><\/div><\/div><\/div><div class=\"forminator-row\"><div id=\"upload-1\" class=\"forminator-field-upload forminator-col forminator-col-12\"><div class=\"forminator-field\"><label for=\"forminator-field-upload-1_69e390b892fc1\" id=\"forminator-field-upload-1_69e390b892fc1-label\" class=\"forminator-label\">Ladda upp filer<\/label><div class=\"forminator-multi-upload\" data-element=\"upload-1_69e390b892fc1\"><input type=\"file\" name=\"upload-1[]\" id=\"forminator-field-upload-1_69e390b892fc1\" class=\"forminator-input-file forminator-field-upload-1_69e390b892fc1-16602\" multiple=\"multiple\" data-method=\"ajax\" data-size=\"8000000\" data-size-message=\"Maximum file size allowed is 8 MB. \"><div class=\"forminator-multi-upload-message\" aria-hidden=\"true\"><span class=\"forminator-icon-upload\" aria-hidden=\"true\"><\/span><p>Drag and Drop (or) <a class=\"forminator-upload-file--forminator-field-upload-1_69e390b892fc1\" href=\"#\" onclick=\"return false;\">Choose Files<\/a><\/p><\/div><\/div><ul class=\"forminator-uploaded-files upload-container-upload-1_69e390b892fc1\"><\/ul><\/div><\/div><\/div><input type=\"hidden\" name=\"referer_url\" value=\"\" \/><div class=\"forminator-row forminator-row-last\"><div class=\"forminator-col\"><div class=\"forminator-field\"><button class=\"forminator-button forminator-button-submit\">Rekister\u00f6idy<\/button><\/div><\/div><\/div><input type=\"hidden\" id=\"forminator_nonce\" name=\"forminator_nonce\" value=\"7cf7908cce\" \/><input type=\"hidden\" name=\"_wp_http_referer\" value=\"\/fi\/wp-json\/wp\/v2\/pages\/16603\" \/><input type=\"hidden\" name=\"form_id\" value=\"16602\"><input type=\"hidden\" name=\"page_id\" value=\"16603\"><input type=\"hidden\" name=\"form_type\" value=\"default\"><input type=\"hidden\" name=\"current_url\" value=\"https:\/\/www.timeattack.se\/fi\/dispensansokan\/\"><input type=\"hidden\" name=\"render_id\" value=\"0\"><input type=\"hidden\" name=\"forminator-multifile-hidden\" class=\"forminator-multifile-hidden\"><input type=\"hidden\" name=\"action\" value=\"forminator_submit_form_custom-forms\"><label for=\"input_14\" class=\"forminator-hidden\" aria-hidden=\"true\">Please do not fill in this field. <input id=\"input_14\" type=\"text\" name=\"input_14\" value=\"\" autocomplete=\"off\"><\/label><input type=\"hidden\" name=\"trp-form-language\" value=\"fi\"\/><\/form><\/div>\n\t\t\t\t\t\t<\/div>\n\t\t\t\t<\/div>\n\t\t\t\t<\/div>\n\t\t\t\t\t<\/div>\n\t\t\t\t<\/div>\n\t\t\t\t<\/div>\n\t\t\t\t<\/div>","protected":false},"excerpt":{"rendered":"<p>DISPENSANS\u00d6KAN Startsida H\u00e4r finner du formul\u00e4r f\u00f6r att ans\u00f6ka om dispens samt en lista f\u00f6r alla ans\u00f6kningar som har skickats in tidigare. Lista med dispenser 2026 Scandinavian Time Attack Dispensans\u00f6kan<\/p>","protected":false},"author":12,"featured_media":0,"parent":0,"menu_order":0,"comment_status":"closed","ping_status":"closed","template":"","meta":{"_acf_changed":false,"footnotes":""},"class_list":["post-16603","page","type-page","status-publish","hentry"],"acf":[],"yoast_head":"<!-- This site is optimized with the Yoast SEO plugin v27.1.1 - https:\/\/yoast.com\/product\/yoast-seo-wordpress\/ -->\n<title>Dispensans\u00f6kan - TIMEATTACK.SE<\/title>\n<meta name=\"robots\" content=\"index, follow, max-snippet:-1, max-image-preview:large, max-video-preview:-1\" \/>\n<link rel=\"canonical\" href=\"https:\/\/www.timeattack.se\/fi\/dispensansokan\/\" \/>\n<meta property=\"og:locale\" content=\"fi_FI\" \/>\n<meta property=\"og:type\" content=\"article\" \/>\n<meta property=\"og:title\" content=\"Dispensans\u00f6kan - TIMEATTACK.SE\" \/>\n<meta property=\"og:description\" content=\"DISPENSANS\u00d6KAN Startsida H\u00e4r finner du formul\u00e4r f\u00f6r att ans\u00f6ka om dispens samt en lista f\u00f6r alla ans\u00f6kningar som har skickats in tidigare. Lista med dispenser 2026 Scandinavian Time Attack Dispensans\u00f6kan\" \/>\n<meta property=\"og:url\" content=\"https:\/\/www.timeattack.se\/fi\/dispensansokan\/\" \/>\n<meta property=\"og:site_name\" content=\"TIMEATTACK.SE\" \/>\n<meta property=\"article:modified_time\" content=\"2025-12-12T07:44:30+00:00\" \/>\n<meta name=\"twitter:card\" content=\"summary_large_image\" \/>\n<meta name=\"twitter:label1\" content=\"Arvioitu lukuaika\" \/>\n\t<meta name=\"twitter:data1\" content=\"1 minuutti\" \/>\n<script type=\"application\/ld+json\" class=\"yoast-schema-graph\">{\"@context\":\"https:\/\/schema.org\",\"@graph\":[{\"@type\":\"WebPage\",\"@id\":\"https:\/\/www.timeattack.se\/dispensansokan\/\",\"url\":\"https:\/\/www.timeattack.se\/dispensansokan\/\",\"name\":\"Dispensans\u00f6kan - TIMEATTACK.SE\",\"isPartOf\":{\"@id\":\"https:\/\/www.timeattack.se\/#website\"},\"datePublished\":\"2024-12-02T10:49:26+00:00\",\"dateModified\":\"2025-12-12T07:44:30+00:00\",\"breadcrumb\":{\"@id\":\"https:\/\/www.timeattack.se\/dispensansokan\/#breadcrumb\"},\"inLanguage\":\"fi\",\"potentialAction\":[{\"@type\":\"ReadAction\",\"target\":[\"https:\/\/www.timeattack.se\/dispensansokan\/\"]}]},{\"@type\":\"BreadcrumbList\",\"@id\":\"https:\/\/www.timeattack.se\/dispensansokan\/#breadcrumb\",\"itemListElement\":[{\"@type\":\"ListItem\",\"position\":1,\"name\":\"Hem\",\"item\":\"https:\/\/www.timeattack.se\/\"},{\"@type\":\"ListItem\",\"position\":2,\"name\":\"Dispensans\u00f6kan\"}]},{\"@type\":\"WebSite\",\"@id\":\"https:\/\/www.timeattack.se\/#website\",\"url\":\"https:\/\/www.timeattack.se\/\",\"name\":\"TIMEATTACK.SE\",\"description\":\"DAGS F\u00d6R NYTT PB!\",\"potentialAction\":[{\"@type\":\"SearchAction\",\"target\":{\"@type\":\"EntryPoint\",\"urlTemplate\":\"https:\/\/www.timeattack.se\/?s={search_term_string}\"},\"query-input\":{\"@type\":\"PropertyValueSpecification\",\"valueRequired\":true,\"valueName\":\"search_term_string\"}}],\"inLanguage\":\"fi\"}]}<\/script>\n<!-- \/ Yoast SEO plugin. -->","yoast_head_json":{"title":"Dispensans\u00f6kan - TIMEATTACK.SE","robots":{"index":"index","follow":"follow","max-snippet":"max-snippet:-1","max-image-preview":"max-image-preview:large","max-video-preview":"max-video-preview:-1"},"canonical":"https:\/\/www.timeattack.se\/fi\/dispensansokan\/","og_locale":"fi_FI","og_type":"article","og_title":"Dispensans\u00f6kan - TIMEATTACK.SE","og_description":"DISPENSANS\u00d6KAN Startsida H\u00e4r finner du formul\u00e4r f\u00f6r att ans\u00f6ka om dispens samt en lista f\u00f6r alla ans\u00f6kningar som har skickats in tidigare. Lista med dispenser 2026 Scandinavian Time Attack Dispensans\u00f6kan","og_url":"https:\/\/www.timeattack.se\/fi\/dispensansokan\/","og_site_name":"TIMEATTACK.SE","article_modified_time":"2025-12-12T07:44:30+00:00","twitter_card":"summary_large_image","twitter_misc":{"Arvioitu lukuaika":"1 minuutti"},"schema":{"@context":"https:\/\/schema.org","@graph":[{"@type":"WebPage","@id":"https:\/\/www.timeattack.se\/dispensansokan\/","url":"https:\/\/www.timeattack.se\/dispensansokan\/","name":"Dispensans\u00f6kan - TIMEATTACK.SE","isPartOf":{"@id":"https:\/\/www.timeattack.se\/#website"},"datePublished":"2024-12-02T10:49:26+00:00","dateModified":"2025-12-12T07:44:30+00:00","breadcrumb":{"@id":"https:\/\/www.timeattack.se\/dispensansokan\/#breadcrumb"},"inLanguage":"fi","potentialAction":[{"@type":"ReadAction","target":["https:\/\/www.timeattack.se\/dispensansokan\/"]}]},{"@type":"BreadcrumbList","@id":"https:\/\/www.timeattack.se\/dispensansokan\/#breadcrumb","itemListElement":[{"@type":"ListItem","position":1,"name":"Hem","item":"https:\/\/www.timeattack.se\/"},{"@type":"ListItem","position":2,"name":"Dispensans\u00f6kan"}]},{"@type":"WebSite","@id":"https:\/\/www.timeattack.se\/#website","url":"https:\/\/www.timeattack.se\/","name":"TIMEATTACK.SE","description":"DAGS F\u00d6R NYTT PB!","potentialAction":[{"@type":"SearchAction","target":{"@type":"EntryPoint","urlTemplate":"https:\/\/www.timeattack.se\/?s={search_term_string}"},"query-input":{"@type":"PropertyValueSpecification","valueRequired":true,"valueName":"search_term_string"}}],"inLanguage":"fi"}]}},"_links":{"self":[{"href":"https:\/\/www.timeattack.se\/fi\/wp-json\/wp\/v2\/pages\/16603","targetHints":{"allow":["GET"]}}],"collection":[{"href":"https:\/\/www.timeattack.se\/fi\/wp-json\/wp\/v2\/pages"}],"about":[{"href":"https:\/\/www.timeattack.se\/fi\/wp-json\/wp\/v2\/types\/page"}],"author":[{"embeddable":true,"href":"https:\/\/www.timeattack.se\/fi\/wp-json\/wp\/v2\/users\/12"}],"replies":[{"embeddable":true,"href":"https:\/\/www.timeattack.se\/fi\/wp-json\/wp\/v2\/comments?post=16603"}],"version-history":[{"count":20,"href":"https:\/\/www.timeattack.se\/fi\/wp-json\/wp\/v2\/pages\/16603\/revisions"}],"predecessor-version":[{"id":21015,"href":"https:\/\/www.timeattack.se\/fi\/wp-json\/wp\/v2\/pages\/16603\/revisions\/21015"}],"wp:attachment":[{"href":"https:\/\/www.timeattack.se\/fi\/wp-json\/wp\/v2\/media?parent=16603"}],"curies":[{"name":"wp","href":"https:\/\/api.w.org\/{rel}","templated":true}]}}