{"id":14807,"date":"2024-10-07T12:15:38","date_gmt":"2024-10-07T12:15:38","guid":{"rendered":"https:\/\/www.timeattack.se\/?page_id=14807"},"modified":"2024-10-07T12:19:21","modified_gmt":"2024-10-07T12:19:21","slug":"registration-success","status":"publish","type":"page","link":"https:\/\/www.timeattack.se\/fi\/registration-success\/","title":{"rendered":"Registration Success"},"content":{"rendered":"<div data-elementor-type=\"wp-page\" data-elementor-id=\"14807\" class=\"elementor elementor-14807\">\n\t\t\t\t<div class=\"elementor-element elementor-element-dc991ba e-flex e-con-boxed e-con e-parent\" data-id=\"dc991ba\" data-element_type=\"container\" data-e-type=\"container\" data-settings=\"{&quot;background_background&quot;:&quot;classic&quot;,&quot;jet_parallax_layout_list&quot;:[]}\">\n\t\t\t\t\t<div class=\"e-con-inner\">\n\t\t<div class=\"elementor-element elementor-element-9315b58 e-con-full e-flex e-con e-child\" data-id=\"9315b58\" data-element_type=\"container\" data-e-type=\"container\" data-settings=\"{&quot;jet_parallax_layout_list&quot;:[]}\">\n\t\t\t\t<div class=\"elementor-element elementor-element-f9d17bf elementor-widget elementor-widget-heading\" data-id=\"f9d17bf\" data-element_type=\"widget\" data-e-type=\"widget\" data-widget_type=\"heading.default\">\n\t\t\t\t<div class=\"elementor-widget-container\">\n\t\t\t\t\t<h1 class=\"elementor-heading-title elementor-size-default\">Konto skapat<\/h1>\t\t\t\t<\/div>\n\t\t\t\t<\/div>\n\t\t\t\t<div class=\"elementor-element elementor-element-9f660ec elementor-widget__width-inherit elementor-widget elementor-widget-text-editor\" data-id=\"9f660ec\" data-element_type=\"widget\" data-e-type=\"widget\" data-widget_type=\"text-editor.default\">\n\t\t\t\t<div class=\"elementor-widget-container\">\n\t\t\t\t\t\t\t\t\tTack f\u00f6r din registrering p\u00e5 Timehunters! Vi granskar ditt konto och du f\u00e5r ett e-postmeddelande s\u00e5 snart det \u00e4r aktiverat och redo att anv\u00e4ndas. Vi ser fram emot att ha dig med i v\u00e5r community!\t\t\t\t\t\t\t\t<\/div>\n\t\t\t\t<\/div>\n\t\t\t\t<\/div>\n\t\t\t\t\t<\/div>\n\t\t\t\t<\/div>\n\t\t\t\t<\/div>","protected":false},"excerpt":{"rendered":"<p>Konto skapat Tack f\u00f6r din registrering p\u00e5 Timehunters! Vi granskar ditt konto och du f\u00e5r ett e-postmeddelande s\u00e5 snart det \u00e4r aktiverat och redo att anv\u00e4ndas. Vi ser fram emot att ha dig med i v\u00e5r community!<\/p>","protected":false},"author":1,"featured_media":0,"parent":0,"menu_order":0,"comment_status":"closed","ping_status":"closed","template":"","meta":{"_acf_changed":false,"footnotes":""},"class_list":["post-14807","page","type-page","status-publish","hentry"],"acf":[],"yoast_head":"<!-- This site is optimized with the Yoast SEO plugin v27.1.1 - https:\/\/yoast.com\/product\/yoast-seo-wordpress\/ -->\n<title>Registration Success - TIMEATTACK.SE<\/title>\n<meta name=\"robots\" content=\"index, follow, max-snippet:-1, max-image-preview:large, max-video-preview:-1\" \/>\n<link rel=\"canonical\" href=\"https:\/\/www.timeattack.se\/fi\/registration-success\/\" \/>\n<meta property=\"og:locale\" content=\"fi_FI\" \/>\n<meta property=\"og:type\" content=\"article\" \/>\n<meta property=\"og:title\" content=\"Registration Success - TIMEATTACK.SE\" \/>\n<meta property=\"og:description\" content=\"Konto skapat Tack f\u00f6r din registrering p\u00e5 Timehunters! Vi granskar ditt konto och du f\u00e5r ett e-postmeddelande s\u00e5 snart det \u00e4r aktiverat och redo att anv\u00e4ndas. Vi ser fram emot att ha dig med i v\u00e5r community!\" \/>\n<meta property=\"og:url\" content=\"https:\/\/www.timeattack.se\/fi\/registration-success\/\" \/>\n<meta property=\"og:site_name\" content=\"TIMEATTACK.SE\" \/>\n<meta property=\"article:modified_time\" content=\"2024-10-07T12:19:21+00:00\" \/>\n<meta name=\"twitter:card\" content=\"summary_large_image\" \/>\n<meta name=\"twitter:label1\" content=\"Arvioitu lukuaika\" \/>\n\t<meta name=\"twitter:data1\" content=\"1 minuutti\" \/>\n<script type=\"application\/ld+json\" class=\"yoast-schema-graph\">{\"@context\":\"https:\/\/schema.org\",\"@graph\":[{\"@type\":\"WebPage\",\"@id\":\"https:\/\/www.timeattack.se\/registration-success\/\",\"url\":\"https:\/\/www.timeattack.se\/registration-success\/\",\"name\":\"Registration Success - TIMEATTACK.SE\",\"isPartOf\":{\"@id\":\"https:\/\/www.timeattack.se\/#website\"},\"datePublished\":\"2024-10-07T12:15:38+00:00\",\"dateModified\":\"2024-10-07T12:19:21+00:00\",\"breadcrumb\":{\"@id\":\"https:\/\/www.timeattack.se\/registration-success\/#breadcrumb\"},\"inLanguage\":\"fi\",\"potentialAction\":[{\"@type\":\"ReadAction\",\"target\":[\"https:\/\/www.timeattack.se\/registration-success\/\"]}]},{\"@type\":\"BreadcrumbList\",\"@id\":\"https:\/\/www.timeattack.se\/registration-success\/#breadcrumb\",\"itemListElement\":[{\"@type\":\"ListItem\",\"position\":1,\"name\":\"Hem\",\"item\":\"https:\/\/www.timeattack.se\/\"},{\"@type\":\"ListItem\",\"position\":2,\"name\":\"Registration Success\"}]},{\"@type\":\"WebSite\",\"@id\":\"https:\/\/www.timeattack.se\/#website\",\"url\":\"https:\/\/www.timeattack.se\/\",\"name\":\"TIMEATTACK.SE\",\"description\":\"DAGS F\u00d6R NYTT PB!\",\"potentialAction\":[{\"@type\":\"SearchAction\",\"target\":{\"@type\":\"EntryPoint\",\"urlTemplate\":\"https:\/\/www.timeattack.se\/?s={search_term_string}\"},\"query-input\":{\"@type\":\"PropertyValueSpecification\",\"valueRequired\":true,\"valueName\":\"search_term_string\"}}],\"inLanguage\":\"fi\"}]}<\/script>\n<!-- \/ Yoast SEO plugin. -->","yoast_head_json":{"title":"Registration Success - TIMEATTACK.SE","robots":{"index":"index","follow":"follow","max-snippet":"max-snippet:-1","max-image-preview":"max-image-preview:large","max-video-preview":"max-video-preview:-1"},"canonical":"https:\/\/www.timeattack.se\/fi\/registration-success\/","og_locale":"fi_FI","og_type":"article","og_title":"Registration Success - TIMEATTACK.SE","og_description":"Konto skapat Tack f\u00f6r din registrering p\u00e5 Timehunters! Vi granskar ditt konto och du f\u00e5r ett e-postmeddelande s\u00e5 snart det \u00e4r aktiverat och redo att anv\u00e4ndas. Vi ser fram emot att ha dig med i v\u00e5r community!","og_url":"https:\/\/www.timeattack.se\/fi\/registration-success\/","og_site_name":"TIMEATTACK.SE","article_modified_time":"2024-10-07T12:19:21+00:00","twitter_card":"summary_large_image","twitter_misc":{"Arvioitu lukuaika":"1 minuutti"},"schema":{"@context":"https:\/\/schema.org","@graph":[{"@type":"WebPage","@id":"https:\/\/www.timeattack.se\/registration-success\/","url":"https:\/\/www.timeattack.se\/registration-success\/","name":"Registration Success - TIMEATTACK.SE","isPartOf":{"@id":"https:\/\/www.timeattack.se\/#website"},"datePublished":"2024-10-07T12:15:38+00:00","dateModified":"2024-10-07T12:19:21+00:00","breadcrumb":{"@id":"https:\/\/www.timeattack.se\/registration-success\/#breadcrumb"},"inLanguage":"fi","potentialAction":[{"@type":"ReadAction","target":["https:\/\/www.timeattack.se\/registration-success\/"]}]},{"@type":"BreadcrumbList","@id":"https:\/\/www.timeattack.se\/registration-success\/#breadcrumb","itemListElement":[{"@type":"ListItem","position":1,"name":"Hem","item":"https:\/\/www.timeattack.se\/"},{"@type":"ListItem","position":2,"name":"Registration Success"}]},{"@type":"WebSite","@id":"https:\/\/www.timeattack.se\/#website","url":"https:\/\/www.timeattack.se\/","name":"TIMEATTACK.SE","description":"DAGS F\u00d6R NYTT PB!","potentialAction":[{"@type":"SearchAction","target":{"@type":"EntryPoint","urlTemplate":"https:\/\/www.timeattack.se\/?s={search_term_string}"},"query-input":{"@type":"PropertyValueSpecification","valueRequired":true,"valueName":"search_term_string"}}],"inLanguage":"fi"}]}},"_links":{"self":[{"href":"https:\/\/www.timeattack.se\/fi\/wp-json\/wp\/v2\/pages\/14807","targetHints":{"allow":["GET"]}}],"collection":[{"href":"https:\/\/www.timeattack.se\/fi\/wp-json\/wp\/v2\/pages"}],"about":[{"href":"https:\/\/www.timeattack.se\/fi\/wp-json\/wp\/v2\/types\/page"}],"author":[{"embeddable":true,"href":"https:\/\/www.timeattack.se\/fi\/wp-json\/wp\/v2\/users\/1"}],"replies":[{"embeddable":true,"href":"https:\/\/www.timeattack.se\/fi\/wp-json\/wp\/v2\/comments?post=14807"}],"version-history":[{"count":4,"href":"https:\/\/www.timeattack.se\/fi\/wp-json\/wp\/v2\/pages\/14807\/revisions"}],"predecessor-version":[{"id":14811,"href":"https:\/\/www.timeattack.se\/fi\/wp-json\/wp\/v2\/pages\/14807\/revisions\/14811"}],"wp:attachment":[{"href":"https:\/\/www.timeattack.se\/fi\/wp-json\/wp\/v2\/media?parent=14807"}],"curies":[{"name":"wp","href":"https:\/\/api.w.org\/{rel}","templated":true}]}}