{"id":13808,"date":"2024-10-03T04:51:53","date_gmt":"2024-10-03T04:51:53","guid":{"rendered":"https:\/\/www.timeattack.se\/?page_id=13808"},"modified":"2024-10-03T06:03:51","modified_gmt":"2024-10-03T06:03:51","slug":"reset-password","status":"publish","type":"page","link":"https:\/\/www.timeattack.se\/fi\/reset-password\/","title":{"rendered":"\u00c5terst\u00e4ll l\u00f6senord"},"content":{"rendered":"<div data-elementor-type=\"wp-page\" data-elementor-id=\"13808\" class=\"elementor elementor-13808\">\n\t\t\t\t<div class=\"elementor-element elementor-element-acf2215 e-con-full e-flex e-con e-parent\" data-id=\"acf2215\" data-element_type=\"container\" data-e-type=\"container\" data-settings=\"{&quot;jet_parallax_layout_list&quot;:[]}\">\n\t\t<div class=\"elementor-element elementor-element-a4fdc81 e-con-full elementor-hidden-mobile e-flex e-con e-child\" data-id=\"a4fdc81\" data-element_type=\"container\" data-e-type=\"container\" data-settings=\"{&quot;background_background&quot;:&quot;classic&quot;,&quot;jet_parallax_layout_list&quot;:[]}\">\n\t\t\t\t<\/div>\n\t\t<div class=\"elementor-element elementor-element-60794ad e-con-full e-flex e-con e-child\" data-id=\"60794ad\" data-element_type=\"container\" data-e-type=\"container\" data-settings=\"{&quot;background_background&quot;:&quot;classic&quot;,&quot;jet_parallax_layout_list&quot;:[]}\">\n\t\t<div class=\"elementor-element elementor-element-2e0f81d e-con-full e-flex e-con e-child\" data-id=\"2e0f81d\" data-element_type=\"container\" data-e-type=\"container\" data-settings=\"{&quot;jet_parallax_layout_list&quot;:[]}\">\n\t\t\t\t<div class=\"elementor-element elementor-element-95d797b elementor-widget elementor-widget-heading\" data-id=\"95d797b\" data-element_type=\"widget\" data-e-type=\"widget\" data-widget_type=\"heading.default\">\n\t\t\t\t<div class=\"elementor-widget-container\">\n\t\t\t\t\t<h1 class=\"elementor-heading-title elementor-size-default\">Gl\u00f6mt ditt l\u00f6senord?<\/h1>\t\t\t\t<\/div>\n\t\t\t\t<\/div>\n\t\t\t\t<div class=\"elementor-element elementor-element-1ae035a elementor-widget elementor-widget-text-editor\" data-id=\"1ae035a\" data-element_type=\"widget\" data-e-type=\"widget\" data-widget_type=\"text-editor.default\">\n\t\t\t\t<div class=\"elementor-widget-container\">\n\t\t\t\t\t\t\t\t\t<p>V\u00e4nligen ange din e-postadress eller ditt anv\u00e4ndarnamn. Du kommer att f\u00e5 en l\u00e4nk via e-post f\u00f6r att skapa ett nytt l\u00f6senord.<\/p>\t\t\t\t\t\t\t\t<\/div>\n\t\t\t\t<\/div>\n\t\t\t\t<div class=\"elementor-element elementor-element-de9d148 elementor-widget elementor-widget-jet-reset\" data-id=\"de9d148\" data-element_type=\"widget\" data-e-type=\"widget\" data-widget_type=\"jet-reset.default\">\n\t\t\t\t<div class=\"elementor-widget-container\">\n\t\t\t\t\t\n<div class=\"jet-reset\">\n\n\t\n\t\n\t<form id=\"lostpasswordform\" class=\"jet-reset__form\" name=\"lostpasswordform\" method=\"post\" action=\"\">\n\n\t\t\n\t\t\n\t\t<p class=\"jet_reset__user-info\">\n\n\t\t\t<label for=\"jet_reset_user_info\">E-postadress eller Anv\u00e4ndarnamn<\/label>\n\t\t\t<input class=\"input\" type=\"text\" name=\"jet_reset_user_info\" id=\"jet_reset_user_info\">\n\n\t\t<\/p>\n\n\t\t<div class=\"jet-reset__submit\">\n\n\t\t\t<input type=\"hidden\" id=\"jet_reset_nonce\" name=\"jet_reset_nonce\" value=\"86d507f915\" \/><input type=\"hidden\" name=\"_wp_http_referer\" value=\"\/fi\/wp-json\/wp\/v2\/pages\/13808\" \/>\t\t\t<input type=\"hidden\" name=\"submitted\" id=\"submitted\" value=\"true\">\n\t\t\t<input type=\"hidden\" name=\"jet_reset_action\" id=\"jet_reset_post_action\" value=\"jet_reset_lost_pass\">\n\t\t\t<button type=\"submit\" id=\"jet-reset-pass-submit\" name=\"jet-reset-pass-submit\" class=\"button button-primary jet-reset__button\">\u00c5terst\u00e4ll l\u00f6senord<\/button>\n\n\t\t<\/div>\n\n\t<input type=\"hidden\" name=\"trp-form-language\" value=\"fi\"\/><\/form>\n\n\t\n<\/div>\t\t\t\t<\/div>\n\t\t\t\t<\/div>\n\t\t\t\t<div class=\"elementor-element elementor-element-669841c elementor-widget elementor-widget-spacer\" data-id=\"669841c\" data-element_type=\"widget\" data-e-type=\"widget\" data-widget_type=\"spacer.default\">\n\t\t\t\t<div class=\"elementor-widget-container\">\n\t\t\t\t\t\t\t<div class=\"elementor-spacer\">\n\t\t\t<div class=\"elementor-spacer-inner\"><\/div>\n\t\t<\/div>\n\t\t\t\t\t\t<\/div>\n\t\t\t\t<\/div>\n\t\t\t\t<div class=\"elementor-element elementor-element-980c8bd elementor-mobile-align-center elementor-icon-list--layout-traditional elementor-list-item-link-full_width elementor-widget elementor-widget-icon-list\" data-id=\"980c8bd\" data-element_type=\"widget\" data-e-type=\"widget\" data-widget_type=\"icon-list.default\">\n\t\t\t\t<div class=\"elementor-widget-container\">\n\t\t\t\t\t\t\t<ul class=\"elementor-icon-list-items\">\n\t\t\t\t\t\t\t<li class=\"elementor-icon-list-item\">\n\t\t\t\t\t\t\t\t\t\t\t<a href=\"https:\/\/www.timeattack.se\/fi\/\">\n\n\t\t\t\t\t\t\t\t\t\t\t\t<span class=\"elementor-icon-list-icon\">\n\t\t\t\t\t\t\t<svg aria-hidden=\"true\" class=\"e-font-icon-svg e-fas-arrow-left\" viewbox=\"0 0 448 512\" xmlns=\"http:\/\/www.w3.org\/2000\/svg\"><path d=\"M257.5 445.1l-22.2 22.2c-9.4 9.4-24.6 9.4-33.9 0L7 273c-9.4-9.4-9.4-24.6 0-33.9L201.4 44.7c9.4-9.4 24.6-9.4 33.9 0l22.2 22.2c9.5 9.5 9.3 25-.4 34.3L136.6 216H424c13.3 0 24 10.7 24 24v32c0 13.3-10.7 24-24 24H136.6l120.5 114.8c9.8 9.3 10 24.8.4 34.3z\"><\/path><\/svg>\t\t\t\t\t\t<\/span>\n\t\t\t\t\t\t\t\t\t\t<span class=\"elementor-icon-list-text\">G\u00e5 tillbaka<\/span>\n\t\t\t\t\t\t\t\t\t\t\t<\/a>\n\t\t\t\t\t\t\t\t\t<\/li>\n\t\t\t\t\t\t<\/ul>\n\t\t\t\t\t\t<\/div>\n\t\t\t\t<\/div>\n\t\t\t\t<\/div>\n\t\t\t\t<\/div>\n\t\t\t\t<\/div>\n\t\t\t\t<\/div>","protected":false},"excerpt":{"rendered":"<p>Gl\u00f6mt ditt l\u00f6senord? V\u00e4nligen ange din e-postadress eller ditt anv\u00e4ndarnamn. Du kommer att f\u00e5 en l\u00e4nk via e-post f\u00f6r att skapa ett nytt l\u00f6senord. E-postadress eller Anv\u00e4ndarnamn \u00c5terst\u00e4ll l\u00f6senord G\u00e5 tillbaka<\/p>","protected":false},"author":1,"featured_media":0,"parent":0,"menu_order":0,"comment_status":"closed","ping_status":"closed","template":"elementor_canvas","meta":{"_acf_changed":false,"footnotes":""},"class_list":["post-13808","page","type-page","status-publish","hentry"],"acf":[],"yoast_head":"<!-- This site is optimized with the Yoast SEO plugin v27.1.1 - https:\/\/yoast.com\/product\/yoast-seo-wordpress\/ -->\n<title>\u00c5terst\u00e4ll l\u00f6senord - TIMEATTACK.SE<\/title>\n<meta name=\"robots\" content=\"index, follow, max-snippet:-1, max-image-preview:large, max-video-preview:-1\" \/>\n<link rel=\"canonical\" href=\"https:\/\/www.timeattack.se\/fi\/reset-password\/\" \/>\n<meta property=\"og:locale\" content=\"fi_FI\" \/>\n<meta property=\"og:type\" content=\"article\" \/>\n<meta property=\"og:title\" content=\"\u00c5terst\u00e4ll l\u00f6senord - TIMEATTACK.SE\" \/>\n<meta property=\"og:description\" content=\"Gl\u00f6mt ditt l\u00f6senord? V\u00e4nligen ange din e-postadress eller ditt anv\u00e4ndarnamn. Du kommer att f\u00e5 en l\u00e4nk via e-post f\u00f6r att skapa ett nytt l\u00f6senord. E-postadress eller Anv\u00e4ndarnamn \u00c5terst\u00e4ll l\u00f6senord G\u00e5 tillbaka\" \/>\n<meta property=\"og:url\" content=\"https:\/\/www.timeattack.se\/fi\/reset-password\/\" \/>\n<meta property=\"og:site_name\" content=\"TIMEATTACK.SE\" \/>\n<meta property=\"article:modified_time\" content=\"2024-10-03T06:03:51+00:00\" \/>\n<meta name=\"twitter:card\" content=\"summary_large_image\" \/>\n<meta name=\"twitter:label1\" content=\"Arvioitu lukuaika\" \/>\n\t<meta name=\"twitter:data1\" content=\"1 minuutti\" \/>\n<script type=\"application\/ld+json\" class=\"yoast-schema-graph\">{\"@context\":\"https:\/\/schema.org\",\"@graph\":[{\"@type\":\"WebPage\",\"@id\":\"https:\/\/www.timeattack.se\/reset-password\/\",\"url\":\"https:\/\/www.timeattack.se\/reset-password\/\",\"name\":\"\u00c5terst\u00e4ll l\u00f6senord - TIMEATTACK.SE\",\"isPartOf\":{\"@id\":\"https:\/\/www.timeattack.se\/#website\"},\"datePublished\":\"2024-10-03T04:51:53+00:00\",\"dateModified\":\"2024-10-03T06:03:51+00:00\",\"breadcrumb\":{\"@id\":\"https:\/\/www.timeattack.se\/reset-password\/#breadcrumb\"},\"inLanguage\":\"fi\",\"potentialAction\":[{\"@type\":\"ReadAction\",\"target\":[\"https:\/\/www.timeattack.se\/reset-password\/\"]}]},{\"@type\":\"BreadcrumbList\",\"@id\":\"https:\/\/www.timeattack.se\/reset-password\/#breadcrumb\",\"itemListElement\":[{\"@type\":\"ListItem\",\"position\":1,\"name\":\"Hem\",\"item\":\"https:\/\/www.timeattack.se\/\"},{\"@type\":\"ListItem\",\"position\":2,\"name\":\"\u00c5terst\u00e4ll l\u00f6senord\"}]},{\"@type\":\"WebSite\",\"@id\":\"https:\/\/www.timeattack.se\/#website\",\"url\":\"https:\/\/www.timeattack.se\/\",\"name\":\"TIMEATTACK.SE\",\"description\":\"DAGS F\u00d6R NYTT PB!\",\"potentialAction\":[{\"@type\":\"SearchAction\",\"target\":{\"@type\":\"EntryPoint\",\"urlTemplate\":\"https:\/\/www.timeattack.se\/?s={search_term_string}\"},\"query-input\":{\"@type\":\"PropertyValueSpecification\",\"valueRequired\":true,\"valueName\":\"search_term_string\"}}],\"inLanguage\":\"fi\"}]}<\/script>\n<!-- \/ Yoast SEO plugin. -->","yoast_head_json":{"title":"\u00c5terst\u00e4ll l\u00f6senord - TIMEATTACK.SE","robots":{"index":"index","follow":"follow","max-snippet":"max-snippet:-1","max-image-preview":"max-image-preview:large","max-video-preview":"max-video-preview:-1"},"canonical":"https:\/\/www.timeattack.se\/fi\/reset-password\/","og_locale":"fi_FI","og_type":"article","og_title":"\u00c5terst\u00e4ll l\u00f6senord - TIMEATTACK.SE","og_description":"Gl\u00f6mt ditt l\u00f6senord? V\u00e4nligen ange din e-postadress eller ditt anv\u00e4ndarnamn. Du kommer att f\u00e5 en l\u00e4nk via e-post f\u00f6r att skapa ett nytt l\u00f6senord. E-postadress eller Anv\u00e4ndarnamn \u00c5terst\u00e4ll l\u00f6senord G\u00e5 tillbaka","og_url":"https:\/\/www.timeattack.se\/fi\/reset-password\/","og_site_name":"TIMEATTACK.SE","article_modified_time":"2024-10-03T06:03:51+00:00","twitter_card":"summary_large_image","twitter_misc":{"Arvioitu lukuaika":"1 minuutti"},"schema":{"@context":"https:\/\/schema.org","@graph":[{"@type":"WebPage","@id":"https:\/\/www.timeattack.se\/reset-password\/","url":"https:\/\/www.timeattack.se\/reset-password\/","name":"\u00c5terst\u00e4ll l\u00f6senord - TIMEATTACK.SE","isPartOf":{"@id":"https:\/\/www.timeattack.se\/#website"},"datePublished":"2024-10-03T04:51:53+00:00","dateModified":"2024-10-03T06:03:51+00:00","breadcrumb":{"@id":"https:\/\/www.timeattack.se\/reset-password\/#breadcrumb"},"inLanguage":"fi","potentialAction":[{"@type":"ReadAction","target":["https:\/\/www.timeattack.se\/reset-password\/"]}]},{"@type":"BreadcrumbList","@id":"https:\/\/www.timeattack.se\/reset-password\/#breadcrumb","itemListElement":[{"@type":"ListItem","position":1,"name":"Hem","item":"https:\/\/www.timeattack.se\/"},{"@type":"ListItem","position":2,"name":"\u00c5terst\u00e4ll l\u00f6senord"}]},{"@type":"WebSite","@id":"https:\/\/www.timeattack.se\/#website","url":"https:\/\/www.timeattack.se\/","name":"TIMEATTACK.SE","description":"DAGS F\u00d6R NYTT PB!","potentialAction":[{"@type":"SearchAction","target":{"@type":"EntryPoint","urlTemplate":"https:\/\/www.timeattack.se\/?s={search_term_string}"},"query-input":{"@type":"PropertyValueSpecification","valueRequired":true,"valueName":"search_term_string"}}],"inLanguage":"fi"}]}},"_links":{"self":[{"href":"https:\/\/www.timeattack.se\/fi\/wp-json\/wp\/v2\/pages\/13808","targetHints":{"allow":["GET"]}}],"collection":[{"href":"https:\/\/www.timeattack.se\/fi\/wp-json\/wp\/v2\/pages"}],"about":[{"href":"https:\/\/www.timeattack.se\/fi\/wp-json\/wp\/v2\/types\/page"}],"author":[{"embeddable":true,"href":"https:\/\/www.timeattack.se\/fi\/wp-json\/wp\/v2\/users\/1"}],"replies":[{"embeddable":true,"href":"https:\/\/www.timeattack.se\/fi\/wp-json\/wp\/v2\/comments?post=13808"}],"version-history":[{"count":20,"href":"https:\/\/www.timeattack.se\/fi\/wp-json\/wp\/v2\/pages\/13808\/revisions"}],"predecessor-version":[{"id":13863,"href":"https:\/\/www.timeattack.se\/fi\/wp-json\/wp\/v2\/pages\/13808\/revisions\/13863"}],"wp:attachment":[{"href":"https:\/\/www.timeattack.se\/fi\/wp-json\/wp\/v2\/media?parent=13808"}],"curies":[{"name":"wp","href":"https:\/\/api.w.org\/{rel}","templated":true}]}}