{"id":12652,"date":"2024-03-06T05:58:58","date_gmt":"2024-03-06T05:58:58","guid":{"rendered":"https:\/\/www.timeattack.se\/?page_id=12652"},"modified":"2025-03-04T04:55:05","modified_gmt":"2025-03-04T04:55:05","slug":"om-oss","status":"publish","type":"page","link":"https:\/\/www.timeattack.se\/fi\/om-oss\/","title":{"rendered":"Tietoa meist\u00e4"},"content":{"rendered":"<div data-elementor-type=\"wp-page\" data-elementor-id=\"12652\" class=\"elementor elementor-12652\">\n\t\t\t\t<div class=\"elementor-element elementor-element-fa84011 e-flex e-con-boxed e-con e-parent\" data-id=\"fa84011\" data-element_type=\"container\" data-e-type=\"container\" data-settings=\"{&quot;background_background&quot;:&quot;classic&quot;,&quot;jet_parallax_layout_list&quot;:[]}\">\n\t\t\t\t\t<div class=\"e-con-inner\">\n\t\t<div class=\"elementor-element elementor-element-165c1fa e-flex e-con-boxed e-con e-child\" data-id=\"165c1fa\" data-element_type=\"container\" data-e-type=\"container\" data-settings=\"{&quot;jet_parallax_layout_list&quot;:[]}\">\n\t\t\t\t\t<div class=\"e-con-inner\">\n\t\t\t\t<div class=\"elementor-element elementor-element-428f4d5 elementor-widget elementor-widget-text-editor\" data-id=\"428f4d5\" data-element_type=\"widget\" data-e-type=\"widget\" data-widget_type=\"text-editor.default\">\n\t\t\t\t<div class=\"elementor-widget-container\">\n\t\t\t\t\t\t\t\t\t<h1 style=\"margin: 0; padding: 0; font-weight: 600;\"><span style=\"color: #ffffff;\">V\u00e5r Personal (CREW)<\/span><\/h1>\t\t\t\t\t\t\t\t<\/div>\n\t\t\t\t<\/div>\n\t\t\t\t<div class=\"elementor-element elementor-element-861e83a elementor-widget elementor-widget-jet-breadcrumbs\" data-id=\"861e83a\" data-element_type=\"widget\" data-e-type=\"widget\" data-widget_type=\"jet-breadcrumbs.default\">\n\t\t\t\t<div class=\"elementor-widget-container\">\n\t\t\t\t\t<div class=\"elementor-jet-breadcrumbs jet-blocks\">\n\t\t<div class=\"jet-breadcrumbs\">\n\t\t<div class=\"jet-breadcrumbs__content\">\n\t\t<div class=\"jet-breadcrumbs__wrap\"><div class=\"jet-breadcrumbs__item\"><a href=\"https:\/\/www.timeattack.se\/fi\/\" class=\"jet-breadcrumbs__item-link is-home\" rel=\"home\" title=\"Aloitussivu\">Aloitussivu<\/a><\/div>\n\t\t<\/div>\n\t\t<\/div>\n\t\t<\/div><\/div>\t\t\t\t<\/div>\n\t\t\t\t<\/div>\n\t\t\t\t\t<\/div>\n\t\t\t\t<\/div>\n\t\t\t\t\t<\/div>\n\t\t\t\t<\/div>\n\t\t<div class=\"elementor-element elementor-element-481af37 e-flex e-con-boxed e-con e-parent\" data-id=\"481af37\" data-element_type=\"container\" data-e-type=\"container\" id=\"dark-bakground-1\" data-settings=\"{&quot;background_background&quot;:&quot;classic&quot;,&quot;jet_parallax_layout_list&quot;:[]}\">\n\t\t\t\t\t<div class=\"e-con-inner\">\n\t\t<div class=\"elementor-element elementor-element-ea63d47 e-con-full e-flex e-con e-child\" data-id=\"ea63d47\" data-element_type=\"container\" data-e-type=\"container\" data-settings=\"{&quot;jet_parallax_layout_list&quot;:[]}\">\n\t\t\t\t<div class=\"elementor-element elementor-element-90463e8 elementor-widget elementor-widget-heading\" data-id=\"90463e8\" data-element_type=\"widget\" data-e-type=\"widget\" data-widget_type=\"heading.default\">\n\t\t\t\t<div class=\"elementor-widget-container\">\n\t\t\t\t\t<h2 class=\"elementor-heading-title elementor-size-default\">M\u00f6t v\u00e5rt team!<\/h2>\t\t\t\t<\/div>\n\t\t\t\t<\/div>\n\t\t\t\t<div class=\"elementor-element elementor-element-a8ced9f elementor-widget__width-initial elementor-widget elementor-widget-text-editor\" data-id=\"a8ced9f\" data-element_type=\"widget\" data-e-type=\"widget\" data-widget_type=\"text-editor.default\">\n\t\t\t\t<div class=\"elementor-widget-container\">\n\t\t\t\t\t\t\t\t\t<p>P\u00e5 Time Attack NU, drivs vi av passionen f\u00f6r motorsport och str\u00e4van efter att leverera den ultimata racingupplevelsen. V\u00e5r dedikation ligger i att f\u00f6rse v\u00e5ra kunder och deltagare med en of\u00f6rgl\u00f6mlig tid p\u00e5 banan, pr\u00e4glad av professionalism, expertis och \u00e4kta entusiasm f\u00f6r hastighet. V\u00e5r kunskap och erfarenhet s\u00e4kerst\u00e4ller en s\u00e4ker, sp\u00e4nnande och v\u00e4lorganiserad racingdag f\u00f6r alla inblandade.<\/p><p>&nbsp;V\u00e4lkommen att dela adrenalinet och gemenskapen med oss!<\/p>\t\t\t\t\t\t\t\t<\/div>\n\t\t\t\t<\/div>\n\t\t\t\t<div class=\"elementor-element elementor-element-a3a9783 elementor-widget elementor-widget-button\" data-id=\"a3a9783\" data-element_type=\"widget\" data-e-type=\"widget\" data-widget_type=\"button.default\">\n\t\t\t\t<div class=\"elementor-widget-container\">\n\t\t\t\t\t\t\t\t\t<div class=\"elementor-button-wrapper\">\n\t\t\t\t\t<a class=\"elementor-button elementor-button-link elementor-size-sm\" href=\"https:\/\/www.timeattack.se\/fi\/kontakta-oss\/\">\n\t\t\t\t\t\t<span class=\"elementor-button-content-wrapper\">\n\t\t\t\t\t\t\t\t\t<span class=\"elementor-button-text\">Kontakta oss<\/span>\n\t\t\t\t\t<\/span>\n\t\t\t\t\t<\/a>\n\t\t\t\t<\/div>\n\t\t\t\t\t\t\t\t<\/div>\n\t\t\t\t<\/div>\n\t\t\t\t<\/div>\n\t\t<div class=\"elementor-element elementor-element-c2f27b5 e-con-full e-flex e-con e-child\" data-id=\"c2f27b5\" data-element_type=\"container\" data-e-type=\"container\" data-settings=\"{&quot;jet_parallax_layout_list&quot;:[]}\">\n\t\t\t\t<div class=\"elementor-element elementor-element-a8bebca elementor-widget elementor-widget-image\" data-id=\"a8bebca\" data-element_type=\"widget\" data-e-type=\"widget\" data-widget_type=\"image.default\">\n\t\t\t\t<div class=\"elementor-widget-container\">\n\t\t\t\t\t\t\t\t\t\t\t\t\t\t\t<img fetchpriority=\"high\" decoding=\"async\" width=\"2560\" height=\"1707\" src=\"https:\/\/www.timeattack.se\/wp-content\/uploads\/2024\/02\/DSC6455-scaled.jpg\" class=\"attachment-full size-full wp-image-12404\" alt=\"\" srcset=\"https:\/\/www.timeattack.se\/wp-content\/uploads\/2024\/02\/DSC6455-scaled.jpg 2560w, https:\/\/www.timeattack.se\/wp-content\/uploads\/2024\/02\/DSC6455-scaled-600x400.jpg 600w, https:\/\/www.timeattack.se\/wp-content\/uploads\/2024\/02\/DSC6455-300x200.jpg 300w, https:\/\/www.timeattack.se\/wp-content\/uploads\/2024\/02\/DSC6455-1024x683.jpg 1024w, https:\/\/www.timeattack.se\/wp-content\/uploads\/2024\/02\/DSC6455-768x512.jpg 768w, https:\/\/www.timeattack.se\/wp-content\/uploads\/2024\/02\/DSC6455-1536x1024.jpg 1536w, https:\/\/www.timeattack.se\/wp-content\/uploads\/2024\/02\/DSC6455-2048x1365.jpg 2048w\" sizes=\"(max-width: 2560px) 100vw, 2560px\" \/>\t\t\t\t\t\t\t\t\t\t\t\t\t\t\t<\/div>\n\t\t\t\t<\/div>\n\t\t\t\t<\/div>\n\t\t\t\t\t<\/div>\n\t\t\t\t<\/div>\n\t\t<div class=\"elementor-element elementor-element-636ca46 e-flex e-con-boxed e-con e-parent\" data-id=\"636ca46\" data-element_type=\"container\" data-e-type=\"container\" id=\"dark-bakground-1\" data-settings=\"{&quot;background_background&quot;:&quot;classic&quot;,&quot;jet_parallax_layout_list&quot;:[]}\">\n\t\t\t\t\t<div class=\"e-con-inner\">\n\t\t\t\t<div class=\"elementor-element elementor-element-566c2dc elementor-widget elementor-widget-spacer\" data-id=\"566c2dc\" data-element_type=\"widget\" data-e-type=\"widget\" data-widget_type=\"spacer.default\">\n\t\t\t\t<div class=\"elementor-widget-container\">\n\t\t\t\t\t\t\t<div class=\"elementor-spacer\">\n\t\t\t<div class=\"elementor-spacer-inner\"><\/div>\n\t\t<\/div>\n\t\t\t\t\t\t<\/div>\n\t\t\t\t<\/div>\n\t\t\t\t<div class=\"elementor-element elementor-element-e40fb91 gallery-spacing-custom elementor-widget elementor-widget-image-gallery\" data-id=\"e40fb91\" data-element_type=\"widget\" data-e-type=\"widget\" data-widget_type=\"image-gallery.default\">\n\t\t\t\t<div class=\"elementor-widget-container\">\n\t\t\t\t\t\t\t<div class=\"elementor-image-gallery\">\n\t\t\t<div id='gallery-1' class='gallery galleryid-12652 gallery-columns-3 gallery-size-full'><figure class='gallery-item'>\n\t\t\t<div class='gallery-icon portrait'>\n\t\t\t\t<img decoding=\"async\" width=\"935\" height=\"1453\" src=\"https:\/\/www.timeattack.se\/wp-content\/uploads\/2024\/03\/MIKAEL-JAROSINSKI.jpg\" class=\"attachment-full size-full\" alt=\"\" srcset=\"https:\/\/www.timeattack.se\/wp-content\/uploads\/2024\/03\/MIKAEL-JAROSINSKI.jpg 935w, https:\/\/www.timeattack.se\/wp-content\/uploads\/2024\/03\/MIKAEL-JAROSINSKI-600x932.jpg 600w, https:\/\/www.timeattack.se\/wp-content\/uploads\/2024\/03\/MIKAEL-JAROSINSKI-193x300.jpg 193w, https:\/\/www.timeattack.se\/wp-content\/uploads\/2024\/03\/MIKAEL-JAROSINSKI-659x1024.jpg 659w, https:\/\/www.timeattack.se\/wp-content\/uploads\/2024\/03\/MIKAEL-JAROSINSKI-768x1193.jpg 768w\" sizes=\"(max-width: 935px) 100vw, 935px\" \/>\n\t\t\t<\/div><\/figure><figure class='gallery-item'>\n\t\t\t<div class='gallery-icon portrait'>\n\t\t\t\t<img decoding=\"async\" width=\"935\" height=\"1453\" src=\"https:\/\/www.timeattack.se\/wp-content\/uploads\/2024\/03\/DAVID-JOHANSSON.jpg\" class=\"attachment-full size-full\" alt=\"\" srcset=\"https:\/\/www.timeattack.se\/wp-content\/uploads\/2024\/03\/DAVID-JOHANSSON.jpg 935w, https:\/\/www.timeattack.se\/wp-content\/uploads\/2024\/03\/DAVID-JOHANSSON-600x932.jpg 600w, https:\/\/www.timeattack.se\/wp-content\/uploads\/2024\/03\/DAVID-JOHANSSON-193x300.jpg 193w, https:\/\/www.timeattack.se\/wp-content\/uploads\/2024\/03\/DAVID-JOHANSSON-659x1024.jpg 659w, https:\/\/www.timeattack.se\/wp-content\/uploads\/2024\/03\/DAVID-JOHANSSON-768x1193.jpg 768w\" sizes=\"(max-width: 935px) 100vw, 935px\" \/>\n\t\t\t<\/div><\/figure><figure class='gallery-item'>\n\t\t\t<div class='gallery-icon portrait'>\n\t\t\t\t<img loading=\"lazy\" decoding=\"async\" width=\"935\" height=\"1453\" src=\"https:\/\/www.timeattack.se\/wp-content\/uploads\/2024\/03\/ROBIN-ANTONSON.jpg\" class=\"attachment-full size-full\" alt=\"\" srcset=\"https:\/\/www.timeattack.se\/wp-content\/uploads\/2024\/03\/ROBIN-ANTONSON.jpg 935w, https:\/\/www.timeattack.se\/wp-content\/uploads\/2024\/03\/ROBIN-ANTONSON-600x932.jpg 600w, https:\/\/www.timeattack.se\/wp-content\/uploads\/2024\/03\/ROBIN-ANTONSON-193x300.jpg 193w, https:\/\/www.timeattack.se\/wp-content\/uploads\/2024\/03\/ROBIN-ANTONSON-659x1024.jpg 659w, https:\/\/www.timeattack.se\/wp-content\/uploads\/2024\/03\/ROBIN-ANTONSON-768x1193.jpg 768w\" sizes=\"(max-width: 935px) 100vw, 935px\" \/>\n\t\t\t<\/div><\/figure><figure class='gallery-item'>\n\t\t\t<div class='gallery-icon portrait'>\n\t\t\t\t<img loading=\"lazy\" decoding=\"async\" width=\"935\" height=\"1453\" src=\"https:\/\/www.timeattack.se\/wp-content\/uploads\/2024\/03\/ANDREAS-HOLMSTROM.jpg\" class=\"attachment-full size-full\" alt=\"\" srcset=\"https:\/\/www.timeattack.se\/wp-content\/uploads\/2024\/03\/ANDREAS-HOLMSTROM.jpg 935w, https:\/\/www.timeattack.se\/wp-content\/uploads\/2024\/03\/ANDREAS-HOLMSTROM-600x932.jpg 600w, https:\/\/www.timeattack.se\/wp-content\/uploads\/2024\/03\/ANDREAS-HOLMSTROM-193x300.jpg 193w, https:\/\/www.timeattack.se\/wp-content\/uploads\/2024\/03\/ANDREAS-HOLMSTROM-659x1024.jpg 659w, https:\/\/www.timeattack.se\/wp-content\/uploads\/2024\/03\/ANDREAS-HOLMSTROM-768x1193.jpg 768w\" sizes=\"(max-width: 935px) 100vw, 935px\" \/>\n\t\t\t<\/div><\/figure><figure class='gallery-item'>\n\t\t\t<div class='gallery-icon portrait'>\n\t\t\t\t<img loading=\"lazy\" decoding=\"async\" width=\"935\" height=\"1453\" src=\"https:\/\/www.timeattack.se\/wp-content\/uploads\/2024\/03\/IDA-ANDERSSON.jpg\" class=\"attachment-full size-full\" alt=\"\" srcset=\"https:\/\/www.timeattack.se\/wp-content\/uploads\/2024\/03\/IDA-ANDERSSON.jpg 935w, https:\/\/www.timeattack.se\/wp-content\/uploads\/2024\/03\/IDA-ANDERSSON-600x932.jpg 600w, https:\/\/www.timeattack.se\/wp-content\/uploads\/2024\/03\/IDA-ANDERSSON-193x300.jpg 193w, https:\/\/www.timeattack.se\/wp-content\/uploads\/2024\/03\/IDA-ANDERSSON-659x1024.jpg 659w, https:\/\/www.timeattack.se\/wp-content\/uploads\/2024\/03\/IDA-ANDERSSON-768x1193.jpg 768w\" sizes=\"(max-width: 935px) 100vw, 935px\" \/>\n\t\t\t<\/div><\/figure><figure class='gallery-item'>\n\t\t\t<div class='gallery-icon portrait'>\n\t\t\t\t<img loading=\"lazy\" decoding=\"async\" width=\"935\" height=\"1453\" src=\"https:\/\/www.timeattack.se\/wp-content\/uploads\/2024\/03\/FREDRIK-LILJEROTH.jpg\" class=\"attachment-full size-full\" alt=\"\" srcset=\"https:\/\/www.timeattack.se\/wp-content\/uploads\/2024\/03\/FREDRIK-LILJEROTH.jpg 935w, https:\/\/www.timeattack.se\/wp-content\/uploads\/2024\/03\/FREDRIK-LILJEROTH-600x932.jpg 600w, https:\/\/www.timeattack.se\/wp-content\/uploads\/2024\/03\/FREDRIK-LILJEROTH-193x300.jpg 193w, https:\/\/www.timeattack.se\/wp-content\/uploads\/2024\/03\/FREDRIK-LILJEROTH-659x1024.jpg 659w, https:\/\/www.timeattack.se\/wp-content\/uploads\/2024\/03\/FREDRIK-LILJEROTH-768x1193.jpg 768w\" sizes=\"(max-width: 935px) 100vw, 935px\" \/>\n\t\t\t<\/div><\/figure><figure class='gallery-item'>\n\t\t\t<div class='gallery-icon portrait'>\n\t\t\t\t<img loading=\"lazy\" decoding=\"async\" width=\"935\" height=\"1453\" src=\"https:\/\/www.timeattack.se\/wp-content\/uploads\/2024\/03\/MARIE-LOUISE-CARLSSON.jpg\" class=\"attachment-full size-full\" alt=\"\" srcset=\"https:\/\/www.timeattack.se\/wp-content\/uploads\/2024\/03\/MARIE-LOUISE-CARLSSON.jpg 935w, https:\/\/www.timeattack.se\/wp-content\/uploads\/2024\/03\/MARIE-LOUISE-CARLSSON-600x932.jpg 600w, https:\/\/www.timeattack.se\/wp-content\/uploads\/2024\/03\/MARIE-LOUISE-CARLSSON-193x300.jpg 193w, https:\/\/www.timeattack.se\/wp-content\/uploads\/2024\/03\/MARIE-LOUISE-CARLSSON-659x1024.jpg 659w, https:\/\/www.timeattack.se\/wp-content\/uploads\/2024\/03\/MARIE-LOUISE-CARLSSON-768x1193.jpg 768w\" sizes=\"(max-width: 935px) 100vw, 935px\" \/>\n\t\t\t<\/div><\/figure><figure class='gallery-item'>\n\t\t\t<div class='gallery-icon portrait'>\n\t\t\t\t<img loading=\"lazy\" decoding=\"async\" width=\"935\" height=\"1453\" src=\"https:\/\/www.timeattack.se\/wp-content\/uploads\/2024\/03\/PETER-RASMUSSON.jpg\" class=\"attachment-full size-full\" alt=\"\" srcset=\"https:\/\/www.timeattack.se\/wp-content\/uploads\/2024\/03\/PETER-RASMUSSON.jpg 935w, https:\/\/www.timeattack.se\/wp-content\/uploads\/2024\/03\/PETER-RASMUSSON-600x932.jpg 600w, https:\/\/www.timeattack.se\/wp-content\/uploads\/2024\/03\/PETER-RASMUSSON-193x300.jpg 193w, https:\/\/www.timeattack.se\/wp-content\/uploads\/2024\/03\/PETER-RASMUSSON-659x1024.jpg 659w, https:\/\/www.timeattack.se\/wp-content\/uploads\/2024\/03\/PETER-RASMUSSON-768x1193.jpg 768w\" sizes=\"(max-width: 935px) 100vw, 935px\" \/>\n\t\t\t<\/div><\/figure><figure class='gallery-item'>\n\t\t\t<div class='gallery-icon portrait'>\n\t\t\t\t<img loading=\"lazy\" decoding=\"async\" width=\"935\" height=\"1453\" src=\"https:\/\/www.timeattack.se\/wp-content\/uploads\/2024\/03\/ANDERS-KARLSSON.jpg\" class=\"attachment-full size-full\" alt=\"\" srcset=\"https:\/\/www.timeattack.se\/wp-content\/uploads\/2024\/03\/ANDERS-KARLSSON.jpg 935w, https:\/\/www.timeattack.se\/wp-content\/uploads\/2024\/03\/ANDERS-KARLSSON-600x932.jpg 600w, https:\/\/www.timeattack.se\/wp-content\/uploads\/2024\/03\/ANDERS-KARLSSON-193x300.jpg 193w, https:\/\/www.timeattack.se\/wp-content\/uploads\/2024\/03\/ANDERS-KARLSSON-659x1024.jpg 659w, https:\/\/www.timeattack.se\/wp-content\/uploads\/2024\/03\/ANDERS-KARLSSON-768x1193.jpg 768w\" sizes=\"(max-width: 935px) 100vw, 935px\" \/>\n\t\t\t<\/div><\/figure>\n\t\t<\/div>\n\t\t<\/div>\n\t\t\t\t\t\t<\/div>\n\t\t\t\t<\/div>\n\t\t\t\t<div class=\"elementor-element elementor-element-1c7f5aa elementor-widget elementor-widget-spacer\" data-id=\"1c7f5aa\" data-element_type=\"widget\" data-e-type=\"widget\" data-widget_type=\"spacer.default\">\n\t\t\t\t<div class=\"elementor-widget-container\">\n\t\t\t\t\t\t\t<div class=\"elementor-spacer\">\n\t\t\t<div class=\"elementor-spacer-inner\"><\/div>\n\t\t<\/div>\n\t\t\t\t\t\t<\/div>\n\t\t\t\t<\/div>\n\t\t\t\t\t<\/div>\n\t\t\t\t<\/div>\n\t\t\t\t<\/div>","protected":false},"excerpt":{"rendered":"<p>V\u00e5r Personal (CREW) Startsida M\u00f6t v\u00e5rt team! P\u00e5 Time Attack NU, drivs vi av passionen f\u00f6r motorsport och str\u00e4van efter att leverera den ultimata racingupplevelsen. V\u00e5r dedikation ligger i att f\u00f6rse v\u00e5ra kunder och deltagare med en of\u00f6rgl\u00f6mlig tid p\u00e5 banan, pr\u00e4glad av professionalism, expertis och \u00e4kta entusiasm f\u00f6r hastighet. V\u00e5r kunskap och erfarenhet s\u00e4kerst\u00e4ller [&hellip;]<\/p>\n","protected":false},"author":1,"featured_media":0,"parent":0,"menu_order":0,"comment_status":"closed","ping_status":"closed","template":"","meta":{"_acf_changed":false,"footnotes":""},"class_list":["post-12652","page","type-page","status-publish","hentry"],"acf":[],"yoast_head":"<!-- This site is optimized with the Yoast SEO plugin v27.1.1 - https:\/\/yoast.com\/product\/yoast-seo-wordpress\/ -->\n<title>Om oss - TIMEATTACK.SE<\/title>\n<meta name=\"robots\" content=\"index, follow, max-snippet:-1, max-image-preview:large, max-video-preview:-1\" \/>\n<link rel=\"canonical\" href=\"https:\/\/www.timeattack.se\/fi\/om-oss\/\" \/>\n<meta property=\"og:locale\" content=\"fi_FI\" \/>\n<meta property=\"og:type\" content=\"article\" \/>\n<meta property=\"og:title\" content=\"Om oss - TIMEATTACK.SE\" \/>\n<meta property=\"og:description\" content=\"V\u00e5r Personal (CREW) Startsida M\u00f6t v\u00e5rt team! P\u00e5 Time Attack NU, drivs vi av passionen f\u00f6r motorsport och str\u00e4van efter att leverera den ultimata racingupplevelsen. V\u00e5r dedikation ligger i att f\u00f6rse v\u00e5ra kunder och deltagare med en of\u00f6rgl\u00f6mlig tid p\u00e5 banan, pr\u00e4glad av professionalism, expertis och \u00e4kta entusiasm f\u00f6r hastighet. V\u00e5r kunskap och erfarenhet s\u00e4kerst\u00e4ller [&hellip;]\" \/>\n<meta property=\"og:url\" content=\"https:\/\/www.timeattack.se\/fi\/om-oss\/\" \/>\n<meta property=\"og:site_name\" content=\"TIMEATTACK.SE\" \/>\n<meta property=\"article:modified_time\" content=\"2025-03-04T04:55:05+00:00\" \/>\n<meta property=\"og:image\" content=\"https:\/\/www.timeattack.se\/wp-content\/uploads\/2024\/02\/DSC6455-scaled.jpg\" \/>\n\t<meta property=\"og:image:width\" content=\"2560\" \/>\n\t<meta property=\"og:image:height\" content=\"1707\" \/>\n\t<meta property=\"og:image:type\" content=\"image\/jpeg\" \/>\n<meta name=\"twitter:card\" content=\"summary_large_image\" \/>\n<meta name=\"twitter:label1\" content=\"Arvioitu lukuaika\" \/>\n\t<meta name=\"twitter:data1\" content=\"3 minuuttia\" \/>\n<script type=\"application\/ld+json\" class=\"yoast-schema-graph\">{\"@context\":\"https:\/\/schema.org\",\"@graph\":[{\"@type\":\"WebPage\",\"@id\":\"https:\/\/www.timeattack.se\/om-oss\/\",\"url\":\"https:\/\/www.timeattack.se\/om-oss\/\",\"name\":\"Om oss - TIMEATTACK.SE\",\"isPartOf\":{\"@id\":\"https:\/\/www.timeattack.se\/#website\"},\"primaryImageOfPage\":{\"@id\":\"https:\/\/www.timeattack.se\/om-oss\/#primaryimage\"},\"image\":{\"@id\":\"https:\/\/www.timeattack.se\/om-oss\/#primaryimage\"},\"thumbnailUrl\":\"https:\/\/www.timeattack.se\/wp-content\/uploads\/2024\/02\/DSC6455-scaled.jpg\",\"datePublished\":\"2024-03-06T05:58:58+00:00\",\"dateModified\":\"2025-03-04T04:55:05+00:00\",\"breadcrumb\":{\"@id\":\"https:\/\/www.timeattack.se\/om-oss\/#breadcrumb\"},\"inLanguage\":\"fi\",\"potentialAction\":[{\"@type\":\"ReadAction\",\"target\":[\"https:\/\/www.timeattack.se\/om-oss\/\"]}]},{\"@type\":\"ImageObject\",\"inLanguage\":\"fi\",\"@id\":\"https:\/\/www.timeattack.se\/om-oss\/#primaryimage\",\"url\":\"https:\/\/www.timeattack.se\/wp-content\/uploads\/2024\/02\/DSC6455-scaled.jpg\",\"contentUrl\":\"https:\/\/www.timeattack.se\/wp-content\/uploads\/2024\/02\/DSC6455-scaled.jpg\"},{\"@type\":\"BreadcrumbList\",\"@id\":\"https:\/\/www.timeattack.se\/om-oss\/#breadcrumb\",\"itemListElement\":[{\"@type\":\"ListItem\",\"position\":1,\"name\":\"Hem\",\"item\":\"https:\/\/www.timeattack.se\/\"},{\"@type\":\"ListItem\",\"position\":2,\"name\":\"Om oss\"}]},{\"@type\":\"WebSite\",\"@id\":\"https:\/\/www.timeattack.se\/#website\",\"url\":\"https:\/\/www.timeattack.se\/\",\"name\":\"TIMEATTACK.SE\",\"description\":\"DAGS F\u00d6R NYTT PB!\",\"potentialAction\":[{\"@type\":\"SearchAction\",\"target\":{\"@type\":\"EntryPoint\",\"urlTemplate\":\"https:\/\/www.timeattack.se\/?s={search_term_string}\"},\"query-input\":{\"@type\":\"PropertyValueSpecification\",\"valueRequired\":true,\"valueName\":\"search_term_string\"}}],\"inLanguage\":\"fi\"}]}<\/script>\n<!-- \/ Yoast SEO plugin. -->","yoast_head_json":{"title":"Om oss - TIMEATTACK.SE","robots":{"index":"index","follow":"follow","max-snippet":"max-snippet:-1","max-image-preview":"max-image-preview:large","max-video-preview":"max-video-preview:-1"},"canonical":"https:\/\/www.timeattack.se\/fi\/om-oss\/","og_locale":"fi_FI","og_type":"article","og_title":"Om oss - TIMEATTACK.SE","og_description":"V\u00e5r Personal (CREW) Startsida M\u00f6t v\u00e5rt team! P\u00e5 Time Attack NU, drivs vi av passionen f\u00f6r motorsport och str\u00e4van efter att leverera den ultimata racingupplevelsen. V\u00e5r dedikation ligger i att f\u00f6rse v\u00e5ra kunder och deltagare med en of\u00f6rgl\u00f6mlig tid p\u00e5 banan, pr\u00e4glad av professionalism, expertis och \u00e4kta entusiasm f\u00f6r hastighet. V\u00e5r kunskap och erfarenhet s\u00e4kerst\u00e4ller [&hellip;]","og_url":"https:\/\/www.timeattack.se\/fi\/om-oss\/","og_site_name":"TIMEATTACK.SE","article_modified_time":"2025-03-04T04:55:05+00:00","og_image":[{"width":2560,"height":1707,"url":"https:\/\/www.timeattack.se\/wp-content\/uploads\/2024\/02\/DSC6455-scaled.jpg","type":"image\/jpeg"}],"twitter_card":"summary_large_image","twitter_misc":{"Arvioitu lukuaika":"3 minuuttia"},"schema":{"@context":"https:\/\/schema.org","@graph":[{"@type":"WebPage","@id":"https:\/\/www.timeattack.se\/om-oss\/","url":"https:\/\/www.timeattack.se\/om-oss\/","name":"Om oss - TIMEATTACK.SE","isPartOf":{"@id":"https:\/\/www.timeattack.se\/#website"},"primaryImageOfPage":{"@id":"https:\/\/www.timeattack.se\/om-oss\/#primaryimage"},"image":{"@id":"https:\/\/www.timeattack.se\/om-oss\/#primaryimage"},"thumbnailUrl":"https:\/\/www.timeattack.se\/wp-content\/uploads\/2024\/02\/DSC6455-scaled.jpg","datePublished":"2024-03-06T05:58:58+00:00","dateModified":"2025-03-04T04:55:05+00:00","breadcrumb":{"@id":"https:\/\/www.timeattack.se\/om-oss\/#breadcrumb"},"inLanguage":"fi","potentialAction":[{"@type":"ReadAction","target":["https:\/\/www.timeattack.se\/om-oss\/"]}]},{"@type":"ImageObject","inLanguage":"fi","@id":"https:\/\/www.timeattack.se\/om-oss\/#primaryimage","url":"https:\/\/www.timeattack.se\/wp-content\/uploads\/2024\/02\/DSC6455-scaled.jpg","contentUrl":"https:\/\/www.timeattack.se\/wp-content\/uploads\/2024\/02\/DSC6455-scaled.jpg"},{"@type":"BreadcrumbList","@id":"https:\/\/www.timeattack.se\/om-oss\/#breadcrumb","itemListElement":[{"@type":"ListItem","position":1,"name":"Hem","item":"https:\/\/www.timeattack.se\/"},{"@type":"ListItem","position":2,"name":"Om oss"}]},{"@type":"WebSite","@id":"https:\/\/www.timeattack.se\/#website","url":"https:\/\/www.timeattack.se\/","name":"TIMEATTACK.SE","description":"DAGS F\u00d6R NYTT PB!","potentialAction":[{"@type":"SearchAction","target":{"@type":"EntryPoint","urlTemplate":"https:\/\/www.timeattack.se\/?s={search_term_string}"},"query-input":{"@type":"PropertyValueSpecification","valueRequired":true,"valueName":"search_term_string"}}],"inLanguage":"fi"}]}},"_links":{"self":[{"href":"https:\/\/www.timeattack.se\/fi\/wp-json\/wp\/v2\/pages\/12652","targetHints":{"allow":["GET"]}}],"collection":[{"href":"https:\/\/www.timeattack.se\/fi\/wp-json\/wp\/v2\/pages"}],"about":[{"href":"https:\/\/www.timeattack.se\/fi\/wp-json\/wp\/v2\/types\/page"}],"author":[{"embeddable":true,"href":"https:\/\/www.timeattack.se\/fi\/wp-json\/wp\/v2\/users\/1"}],"replies":[{"embeddable":true,"href":"https:\/\/www.timeattack.se\/fi\/wp-json\/wp\/v2\/comments?post=12652"}],"version-history":[{"count":16,"href":"https:\/\/www.timeattack.se\/fi\/wp-json\/wp\/v2\/pages\/12652\/revisions"}],"predecessor-version":[{"id":18208,"href":"https:\/\/www.timeattack.se\/fi\/wp-json\/wp\/v2\/pages\/12652\/revisions\/18208"}],"wp:attachment":[{"href":"https:\/\/www.timeattack.se\/fi\/wp-json\/wp\/v2\/media?parent=12652"}],"curies":[{"name":"wp","href":"https:\/\/api.w.org\/{rel}","templated":true}]}}